{"id":815,"date":"2020-03-11T14:09:18","date_gmt":"2020-03-11T19:09:18","guid":{"rendered":"http:\/\/www.edunexos.edu.co\/maestriaeducacion\/?page_id=815"},"modified":"2022-03-24T12:42:57","modified_gmt":"2022-03-24T17:42:57","slug":"actas","status":"publish","type":"page","link":"https:\/\/www.edunexos.edu.co\/maestriaeducacion2028\/actas\/","title":{"rendered":"Actas"},"content":{"rendered":"\t\t<div data-elementor-type=\"wp-page\" data-elementor-id=\"815\" class=\"elementor elementor-815\">\n\t\t\t\t\t\t<section class=\"elementor-section elementor-top-section elementor-element elementor-element-e3c51bb elementor-section-boxed elementor-section-height-default elementor-section-height-default\" data-id=\"e3c51bb\" data-element_type=\"section\">\n\t\t\t\t\t\t<div class=\"elementor-container elementor-column-gap-default\">\n\t\t\t\t\t<div class=\"elementor-column elementor-col-100 elementor-top-column elementor-element elementor-element-f5cf1e7\" data-id=\"f5cf1e7\" data-element_type=\"column\">\n\t\t\t<div class=\"elementor-widget-wrap elementor-element-populated\">\n\t\t\t\t\t\t<div class=\"elementor-element elementor-element-b966235 elementor-widget elementor-widget-heading\" data-id=\"b966235\" data-element_type=\"widget\" data-widget_type=\"heading.default\">\n\t\t\t\t<div class=\"elementor-widget-container\">\n\t\t\t\t\t<h3 class=\"elementor-heading-title elementor-size-default\">Espacio \u00fatil para descargar los documentos de su inter\u00e9s<\/h3>\t\t\t\t<\/div>\n\t\t\t\t<\/div>\n\t\t\t\t\t<\/div>\n\t\t<\/div>\n\t\t\t\t\t<\/div>\n\t\t<\/section>\n\t\t\t\t<section class=\"elementor-section elementor-top-section elementor-element elementor-element-80164b0 elementor-section-boxed elementor-section-height-default elementor-section-height-default\" data-id=\"80164b0\" data-element_type=\"section\">\n\t\t\t\t\t\t<div class=\"elementor-container elementor-column-gap-default\">\n\t\t\t\t\t<div class=\"elementor-column elementor-col-100 elementor-top-column elementor-element elementor-element-b130ba4\" data-id=\"b130ba4\" data-element_type=\"column\">\n\t\t\t<div class=\"elementor-widget-wrap elementor-element-populated\">\n\t\t\t\t\t\t<div class=\"elementor-element elementor-element-c686dfe elementor-widget elementor-widget-heading\" data-id=\"c686dfe\" data-element_type=\"widget\" data-widget_type=\"heading.default\">\n\t\t\t\t<div class=\"elementor-widget-container\">\n\t\t\t\t\t<h2 class=\"elementor-heading-title elementor-size-default\">ACTAS DE SELECCI\u00d3N Y ADMISI\u00d3N<\/h2>\t\t\t\t<\/div>\n\t\t\t\t<\/div>\n\t\t\t\t\t<\/div>\n\t\t<\/div>\n\t\t\t\t\t<\/div>\n\t\t<\/section>\n\t\t\t\t<section class=\"elementor-section elementor-top-section elementor-element elementor-element-5621684 elementor-section-boxed elementor-section-height-default elementor-section-height-default\" data-id=\"5621684\" data-element_type=\"section\">\n\t\t\t\t\t\t<div class=\"elementor-container elementor-column-gap-default\">\n\t\t\t\t\t<div class=\"elementor-column elementor-col-100 elementor-top-column elementor-element elementor-element-a8f5e87\" data-id=\"a8f5e87\" data-element_type=\"column\">\n\t\t\t<div class=\"elementor-widget-wrap elementor-element-populated\">\n\t\t\t\t\t\t<div class=\"elementor-element elementor-element-73423f1 elementor-view-default elementor-widget elementor-widget-icon\" data-id=\"73423f1\" data-element_type=\"widget\" data-widget_type=\"icon.default\">\n\t\t\t\t<div class=\"elementor-widget-container\">\n\t\t\t\t\t\t\t<div class=\"elementor-icon-wrapper\">\n\t\t\t<div class=\"elementor-icon\">\n\t\t\t<i aria-hidden=\"true\" class=\"far fa-folder-open\"><\/i>\t\t\t<\/div>\n\t\t<\/div>\n\t\t\t\t\t\t<\/div>\n\t\t\t\t<\/div>\n\t\t\t\t\t<\/div>\n\t\t<\/div>\n\t\t\t\t\t<\/div>\n\t\t<\/section>\n\t\t\t\t<section class=\"elementor-section elementor-top-section elementor-element elementor-element-6aa3444 elementor-section-boxed elementor-section-height-default elementor-section-height-default\" data-id=\"6aa3444\" data-element_type=\"section\">\n\t\t\t\t\t\t<div class=\"elementor-container elementor-column-gap-default\">\n\t\t\t\t\t<div class=\"elementor-column elementor-col-100 elementor-top-column elementor-element elementor-element-86c7fc0\" data-id=\"86c7fc0\" data-element_type=\"column\">\n\t\t\t<div class=\"elementor-widget-wrap elementor-element-populated\">\n\t\t\t\t\t\t<div class=\"elementor-element elementor-element-9e3e10e elementor-widget elementor-widget-heading\" data-id=\"9e3e10e\" data-element_type=\"widget\" data-widget_type=\"heading.default\">\n\t\t\t\t<div class=\"elementor-widget-container\">\n\t\t\t\t\t<h2 class=\"elementor-heading-title elementor-size-default\">ACTAS DE COMIT\u00c9<\/h2>\t\t\t\t<\/div>\n\t\t\t\t<\/div>\n\t\t\t\t\t<\/div>\n\t\t<\/div>\n\t\t\t\t\t<\/div>\n\t\t<\/section>\n\t\t\t\t<section class=\"elementor-section elementor-top-section elementor-element elementor-element-9d3ffb3 elementor-section-boxed elementor-section-height-default elementor-section-height-default\" data-id=\"9d3ffb3\" data-element_type=\"section\">\n\t\t\t\t\t\t<div class=\"elementor-container elementor-column-gap-default\">\n\t\t\t\t\t<div class=\"elementor-column elementor-col-100 elementor-top-column elementor-element elementor-element-2b8d181\" data-id=\"2b8d181\" data-element_type=\"column\">\n\t\t\t<div class=\"elementor-widget-wrap elementor-element-populated\">\n\t\t\t\t\t\t<div class=\"elementor-element elementor-element-1754345 elementor-view-default elementor-widget elementor-widget-icon\" data-id=\"1754345\" data-element_type=\"widget\" data-widget_type=\"icon.default\">\n\t\t\t\t<div class=\"elementor-widget-container\">\n\t\t\t\t\t\t\t<div class=\"elementor-icon-wrapper\">\n\t\t\t<a class=\"elementor-icon\" href=\"https:\/\/www.edunexos.edu.co\/maestriaeducacion\/actas-comites\/\">\n\t\t\t<i aria-hidden=\"true\" class=\"far fa-folder-open\"><\/i>\t\t\t<\/a>\n\t\t<\/div>\n\t\t\t\t\t\t<\/div>\n\t\t\t\t<\/div>\n\t\t\t\t\t<\/div>\n\t\t<\/div>\n\t\t\t\t\t<\/div>\n\t\t<\/section>\n\t\t\t\t<section class=\"elementor-section elementor-top-section elementor-element elementor-element-ef52a81 elementor-section-boxed elementor-section-height-default elementor-section-height-default\" data-id=\"ef52a81\" data-element_type=\"section\">\n\t\t\t\t\t\t<div class=\"elementor-container elementor-column-gap-default\">\n\t\t\t\t\t<div class=\"elementor-column elementor-col-100 elementor-top-column elementor-element elementor-element-c2f28bb\" data-id=\"c2f28bb\" data-element_type=\"column\">\n\t\t\t<div class=\"elementor-widget-wrap elementor-element-populated\">\n\t\t\t\t\t\t<div class=\"elementor-element elementor-element-bad8352 elementor-widget elementor-widget-heading\" data-id=\"bad8352\" data-element_type=\"widget\" data-widget_type=\"heading.default\">\n\t\t\t\t<div class=\"elementor-widget-container\">\n\t\t\t\t\t<h2 class=\"elementor-heading-title elementor-size-default\">ACTAS DE SUSTENTACI\u00d3N<\/h2>\t\t\t\t<\/div>\n\t\t\t\t<\/div>\n\t\t\t\t\t<\/div>\n\t\t<\/div>\n\t\t\t\t\t<\/div>\n\t\t<\/section>\n\t\t\t\t<section class=\"elementor-section elementor-top-section elementor-element elementor-element-cec0fce elementor-section-boxed elementor-section-height-default elementor-section-height-default\" data-id=\"cec0fce\" data-element_type=\"section\">\n\t\t\t\t\t\t<div class=\"elementor-container elementor-column-gap-default\">\n\t\t\t\t\t<div class=\"elementor-column elementor-col-100 elementor-top-column elementor-element elementor-element-62780cf\" data-id=\"62780cf\" data-element_type=\"column\">\n\t\t\t<div class=\"elementor-widget-wrap elementor-element-populated\">\n\t\t\t\t\t\t<div class=\"elementor-element elementor-element-913db0c elementor-view-default elementor-widget elementor-widget-icon\" data-id=\"913db0c\" data-element_type=\"widget\" data-widget_type=\"icon.default\">\n\t\t\t\t<div class=\"elementor-widget-container\">\n\t\t\t\t\t\t\t<div class=\"elementor-icon-wrapper\">\n\t\t\t<div class=\"elementor-icon\">\n\t\t\t<i aria-hidden=\"true\" class=\"far fa-folder-open\"><\/i>\t\t\t<\/div>\n\t\t<\/div>\n\t\t\t\t\t\t<\/div>\n\t\t\t\t<\/div>\n\t\t\t\t\t<\/div>\n\t\t<\/div>\n\t\t\t\t\t<\/div>\n\t\t<\/section>\n\t\t\t\t<\/div>\n\t\t","protected":false},"excerpt":{"rendered":"<p>Espacio \u00fatil para descargar los documentos de su inter\u00e9s ACTAS DE SELECCI\u00d3N Y ADMISI\u00d3N ACTAS DE COMIT\u00c9 ACTAS DE SUSTENTACI\u00d3N<\/p>\n","protected":false},"author":1,"featured_media":0,"parent":0,"menu_order":0,"comment_status":"closed","ping_status":"closed","template":"","meta":{"footnotes":""},"class_list":["post-815","page","type-page","status-publish","hentry"],"yoast_head":"<!-- This site is optimized with the Yoast SEO plugin v24.2 - https:\/\/yoast.com\/wordpress\/plugins\/seo\/ -->\n<title>Actas - MAESTR\u00cdA EN EDUCACI\u00d3N SUE CARIBE<\/title>\n<meta name=\"robots\" content=\"index, follow, max-snippet:-1, max-image-preview:large, max-video-preview:-1\" \/>\n<link rel=\"canonical\" href=\"https:\/\/www.edunexos.edu.co\/maestriaeducacion2028\/actas\/\" \/>\n<meta property=\"og:locale\" content=\"es_ES\" \/>\n<meta property=\"og:type\" content=\"article\" \/>\n<meta property=\"og:title\" content=\"Actas - MAESTR\u00cdA EN EDUCACI\u00d3N SUE CARIBE\" \/>\n<meta property=\"og:description\" content=\"Espacio \u00fatil para descargar los documentos de su inter\u00e9s ACTAS DE SELECCI\u00d3N Y ADMISI\u00d3N ACTAS DE COMIT\u00c9 ACTAS DE SUSTENTACI\u00d3N\" \/>\n<meta property=\"og:url\" content=\"https:\/\/www.edunexos.edu.co\/maestriaeducacion2028\/actas\/\" \/>\n<meta property=\"og:site_name\" content=\"MAESTR\u00cdA EN EDUCACI\u00d3N SUE CARIBE\" \/>\n<meta property=\"article:modified_time\" content=\"2022-03-24T17:42:57+00:00\" \/>\n<meta name=\"twitter:card\" content=\"summary_large_image\" \/>\n<script type=\"application\/ld+json\" class=\"yoast-schema-graph\">{\"@context\":\"https:\/\/schema.org\",\"@graph\":[{\"@type\":\"WebPage\",\"@id\":\"https:\/\/www.edunexos.edu.co\/maestriaeducacion2028\/actas\/\",\"url\":\"https:\/\/www.edunexos.edu.co\/maestriaeducacion2028\/actas\/\",\"name\":\"Actas - MAESTR\u00cdA EN EDUCACI\u00d3N SUE CARIBE\",\"isPartOf\":{\"@id\":\"https:\/\/www.edunexos.edu.co\/maestriaeducacion2028\/#website\"},\"datePublished\":\"2020-03-11T19:09:18+00:00\",\"dateModified\":\"2022-03-24T17:42:57+00:00\",\"breadcrumb\":{\"@id\":\"https:\/\/www.edunexos.edu.co\/maestriaeducacion2028\/actas\/#breadcrumb\"},\"inLanguage\":\"es-CO\",\"potentialAction\":[{\"@type\":\"ReadAction\",\"target\":[\"https:\/\/www.edunexos.edu.co\/maestriaeducacion2028\/actas\/\"]}]},{\"@type\":\"BreadcrumbList\",\"@id\":\"https:\/\/www.edunexos.edu.co\/maestriaeducacion2028\/actas\/#breadcrumb\",\"itemListElement\":[{\"@type\":\"ListItem\",\"position\":1,\"name\":\"Inicio\",\"item\":\"https:\/\/www.edunexos.edu.co\/maestriaeducacion2028\/\"},{\"@type\":\"ListItem\",\"position\":2,\"name\":\"Actas\"}]},{\"@type\":\"WebSite\",\"@id\":\"https:\/\/www.edunexos.edu.co\/maestriaeducacion2028\/#website\",\"url\":\"https:\/\/www.edunexos.edu.co\/maestriaeducacion2028\/\",\"name\":\"MAESTR\u00cdA EN EDUCACI\u00d3N SUE CARIBE\",\"description\":\"SISTEMA DE UNIVERSIDADES ESTATALES DEL CARIBE COLOMBIANO\",\"publisher\":{\"@id\":\"https:\/\/www.edunexos.edu.co\/maestriaeducacion2028\/#organization\"},\"potentialAction\":[{\"@type\":\"SearchAction\",\"target\":{\"@type\":\"EntryPoint\",\"urlTemplate\":\"https:\/\/www.edunexos.edu.co\/maestriaeducacion2028\/?s={search_term_string}\"},\"query-input\":{\"@type\":\"PropertyValueSpecification\",\"valueRequired\":true,\"valueName\":\"search_term_string\"}}],\"inLanguage\":\"es-CO\"},{\"@type\":\"Organization\",\"@id\":\"https:\/\/www.edunexos.edu.co\/maestriaeducacion2028\/#organization\",\"name\":\"MAESTR\u00cdA EN EDUCACI\u00d3N SUE CARIBE\",\"url\":\"https:\/\/www.edunexos.edu.co\/maestriaeducacion2028\/\",\"logo\":{\"@type\":\"ImageObject\",\"inLanguage\":\"es-CO\",\"@id\":\"https:\/\/www.edunexos.edu.co\/maestriaeducacion2028\/#\/schema\/logo\/image\/\",\"url\":\"https:\/\/www.edunexos.edu.co\/maestriaeducacion2028\/wp-content\/uploads\/2019\/05\/logo4.png\",\"contentUrl\":\"https:\/\/www.edunexos.edu.co\/maestriaeducacion2028\/wp-content\/uploads\/2019\/05\/logo4.png\",\"width\":113,\"height\":68,\"caption\":\"MAESTR\u00cdA EN EDUCACI\u00d3N SUE CARIBE\"},\"image\":{\"@id\":\"https:\/\/www.edunexos.edu.co\/maestriaeducacion2028\/#\/schema\/logo\/image\/\"}}]}<\/script>\n<!-- \/ Yoast SEO plugin. -->","yoast_head_json":{"title":"Actas - MAESTR\u00cdA EN EDUCACI\u00d3N SUE CARIBE","robots":{"index":"index","follow":"follow","max-snippet":"max-snippet:-1","max-image-preview":"max-image-preview:large","max-video-preview":"max-video-preview:-1"},"canonical":"https:\/\/www.edunexos.edu.co\/maestriaeducacion2028\/actas\/","og_locale":"es_ES","og_type":"article","og_title":"Actas - MAESTR\u00cdA EN EDUCACI\u00d3N SUE CARIBE","og_description":"Espacio \u00fatil para descargar los documentos de su inter\u00e9s ACTAS DE SELECCI\u00d3N Y ADMISI\u00d3N ACTAS DE COMIT\u00c9 ACTAS DE SUSTENTACI\u00d3N","og_url":"https:\/\/www.edunexos.edu.co\/maestriaeducacion2028\/actas\/","og_site_name":"MAESTR\u00cdA EN EDUCACI\u00d3N SUE CARIBE","article_modified_time":"2022-03-24T17:42:57+00:00","twitter_card":"summary_large_image","schema":{"@context":"https:\/\/schema.org","@graph":[{"@type":"WebPage","@id":"https:\/\/www.edunexos.edu.co\/maestriaeducacion2028\/actas\/","url":"https:\/\/www.edunexos.edu.co\/maestriaeducacion2028\/actas\/","name":"Actas - MAESTR\u00cdA EN EDUCACI\u00d3N SUE CARIBE","isPartOf":{"@id":"https:\/\/www.edunexos.edu.co\/maestriaeducacion2028\/#website"},"datePublished":"2020-03-11T19:09:18+00:00","dateModified":"2022-03-24T17:42:57+00:00","breadcrumb":{"@id":"https:\/\/www.edunexos.edu.co\/maestriaeducacion2028\/actas\/#breadcrumb"},"inLanguage":"es-CO","potentialAction":[{"@type":"ReadAction","target":["https:\/\/www.edunexos.edu.co\/maestriaeducacion2028\/actas\/"]}]},{"@type":"BreadcrumbList","@id":"https:\/\/www.edunexos.edu.co\/maestriaeducacion2028\/actas\/#breadcrumb","itemListElement":[{"@type":"ListItem","position":1,"name":"Inicio","item":"https:\/\/www.edunexos.edu.co\/maestriaeducacion2028\/"},{"@type":"ListItem","position":2,"name":"Actas"}]},{"@type":"WebSite","@id":"https:\/\/www.edunexos.edu.co\/maestriaeducacion2028\/#website","url":"https:\/\/www.edunexos.edu.co\/maestriaeducacion2028\/","name":"MAESTR\u00cdA EN EDUCACI\u00d3N SUE CARIBE","description":"SISTEMA DE UNIVERSIDADES ESTATALES DEL CARIBE COLOMBIANO","publisher":{"@id":"https:\/\/www.edunexos.edu.co\/maestriaeducacion2028\/#organization"},"potentialAction":[{"@type":"SearchAction","target":{"@type":"EntryPoint","urlTemplate":"https:\/\/www.edunexos.edu.co\/maestriaeducacion2028\/?s={search_term_string}"},"query-input":{"@type":"PropertyValueSpecification","valueRequired":true,"valueName":"search_term_string"}}],"inLanguage":"es-CO"},{"@type":"Organization","@id":"https:\/\/www.edunexos.edu.co\/maestriaeducacion2028\/#organization","name":"MAESTR\u00cdA EN EDUCACI\u00d3N SUE CARIBE","url":"https:\/\/www.edunexos.edu.co\/maestriaeducacion2028\/","logo":{"@type":"ImageObject","inLanguage":"es-CO","@id":"https:\/\/www.edunexos.edu.co\/maestriaeducacion2028\/#\/schema\/logo\/image\/","url":"https:\/\/www.edunexos.edu.co\/maestriaeducacion2028\/wp-content\/uploads\/2019\/05\/logo4.png","contentUrl":"https:\/\/www.edunexos.edu.co\/maestriaeducacion2028\/wp-content\/uploads\/2019\/05\/logo4.png","width":113,"height":68,"caption":"MAESTR\u00cdA EN EDUCACI\u00d3N SUE CARIBE"},"image":{"@id":"https:\/\/www.edunexos.edu.co\/maestriaeducacion2028\/#\/schema\/logo\/image\/"}}]}},"_links":{"self":[{"href":"https:\/\/www.edunexos.edu.co\/maestriaeducacion2028\/wp-json\/wp\/v2\/pages\/815","targetHints":{"allow":["GET"]}}],"collection":[{"href":"https:\/\/www.edunexos.edu.co\/maestriaeducacion2028\/wp-json\/wp\/v2\/pages"}],"about":[{"href":"https:\/\/www.edunexos.edu.co\/maestriaeducacion2028\/wp-json\/wp\/v2\/types\/page"}],"author":[{"embeddable":true,"href":"https:\/\/www.edunexos.edu.co\/maestriaeducacion2028\/wp-json\/wp\/v2\/users\/1"}],"replies":[{"embeddable":true,"href":"https:\/\/www.edunexos.edu.co\/maestriaeducacion2028\/wp-json\/wp\/v2\/comments?post=815"}],"version-history":[{"count":10,"href":"https:\/\/www.edunexos.edu.co\/maestriaeducacion2028\/wp-json\/wp\/v2\/pages\/815\/revisions"}],"predecessor-version":[{"id":1168,"href":"https:\/\/www.edunexos.edu.co\/maestriaeducacion2028\/wp-json\/wp\/v2\/pages\/815\/revisions\/1168"}],"wp:attachment":[{"href":"https:\/\/www.edunexos.edu.co\/maestriaeducacion2028\/wp-json\/wp\/v2\/media?parent=815"}],"curies":[{"name":"wp","href":"https:\/\/api.w.org\/{rel}","templated":true}]}}