{"id":53,"date":"2019-04-16T15:48:00","date_gmt":"2019-04-16T15:48:00","guid":{"rendered":"http:\/\/www.edunexos.edu.co\/maestriaeducacion\/?page_id=53"},"modified":"2019-04-16T15:48:01","modified_gmt":"2019-04-16T15:48:01","slug":"objetivos","status":"publish","type":"page","link":"https:\/\/www.edunexos.edu.co\/maestriaeducacion2028\/objetivos\/","title":{"rendered":"Objetivos"},"content":{"rendered":"\n<p><strong>OBJETIVO GENERAL<\/strong><\/p>\n\n\n\n<ul class=\"wp-block-list\"><li>Desarrollar altas competencias en la investigaci\u00f3n de las problem\u00e1ticas en educaci\u00f3n, la pedagog\u00eda y el curr\u00edculo, que se evidencien en la acci\u00f3n, formaci\u00f3n y transformaci\u00f3n del conocimiento y de las realidades socialmente construidas en las que est\u00e1n inmersos los actores educativos.<\/li><\/ul>\n\n\n\n<p><strong>OBJETIVOS ESPEC\u00cdFICOS<\/strong><\/p>\n\n\n\n<ul class=\"wp-block-list\"><li>Contribuir con la formaci\u00f3n de investigadores en educaci\u00f3n que articulen el pensar y el hacer en contextos socioculturales y disciplinares desde el dominio de lo conceptual, de las teor\u00edas, enfoques y modelos pedag\u00f3gicos y curriculares.<\/li><li>Proponer espacios de interlocuci\u00f3n que favorezcan los procesos de Autoevaluaci\u00f2n de programas para la reformulaci\u00f3n de curr\u00edculos integrados, flexibles y contextualizados.<\/li><li>Aportar al desarrollo y afianzamiento de capacidades y competencias de gesti\u00f3n, investigaci\u00f3n e innovaci\u00f3n requeridas en el proceso de operacionalizaci\u00f3n de las pol\u00edticas educativas a nivel administrativo, acad\u00e9mico, curricular y de proyecci\u00f3n social.<\/li><li>Contribuir al fomento de la integraci\u00f3n interuniversitaria como estrategia de consolidaci\u00f3n y afianzamiento de fortalezas en la investigaci\u00f3n en educaci\u00f3n desde la comunidad acad\u00e9mica del Caribe Colombiano.<\/li><li>Formar educadores investigadores, comprometidos con la intervenci\u00f3n cr\u00edtica para el desarrollo institucional, que desde el ejercicio pleno de sus funciones aporten al mejoramiento de la calidad de la educaci\u00f3n en una perspectiva regional.<\/li><\/ul>\n","protected":false},"excerpt":{"rendered":"<p>OBJETIVO GENERAL Desarrollar altas competencias en la investigaci\u00f3n de las problem\u00e1ticas en educaci\u00f3n, la pedagog\u00eda y el curr\u00edculo, que se evidencien en la acci\u00f3n, formaci\u00f3n y transformaci\u00f3n del conocimiento y de las realidades socialmente construidas en las que est\u00e1n inmersos los actores educativos. OBJETIVOS ESPEC\u00cdFICOS Contribuir con la formaci\u00f3n de investigadores en educaci\u00f3n que articulen [&hellip;]<\/p>\n","protected":false},"author":1,"featured_media":0,"parent":0,"menu_order":0,"comment_status":"closed","ping_status":"closed","template":"","meta":{"footnotes":""},"class_list":["post-53","page","type-page","status-publish","hentry"],"yoast_head":"<!-- This site is optimized with the Yoast SEO plugin v24.2 - https:\/\/yoast.com\/wordpress\/plugins\/seo\/ -->\n<title>Objetivos - MAESTR\u00cdA EN EDUCACI\u00d3N SUE CARIBE<\/title>\n<meta name=\"robots\" content=\"index, follow, max-snippet:-1, max-image-preview:large, max-video-preview:-1\" \/>\n<link rel=\"canonical\" href=\"https:\/\/www.edunexos.edu.co\/maestriaeducacion2028\/objetivos\/\" \/>\n<meta property=\"og:locale\" content=\"es_ES\" \/>\n<meta property=\"og:type\" content=\"article\" \/>\n<meta property=\"og:title\" content=\"Objetivos - MAESTR\u00cdA EN EDUCACI\u00d3N SUE CARIBE\" \/>\n<meta property=\"og:description\" content=\"OBJETIVO GENERAL Desarrollar altas competencias en la investigaci\u00f3n de las problem\u00e1ticas en educaci\u00f3n, la pedagog\u00eda y el curr\u00edculo, que se evidencien en la acci\u00f3n, formaci\u00f3n y transformaci\u00f3n del conocimiento y de las realidades socialmente construidas en las que est\u00e1n inmersos los actores educativos. OBJETIVOS ESPEC\u00cdFICOS Contribuir con la formaci\u00f3n de investigadores en educaci\u00f3n que articulen [&hellip;]\" \/>\n<meta property=\"og:url\" content=\"https:\/\/www.edunexos.edu.co\/maestriaeducacion2028\/objetivos\/\" \/>\n<meta property=\"og:site_name\" content=\"MAESTR\u00cdA EN EDUCACI\u00d3N SUE CARIBE\" \/>\n<meta property=\"article:modified_time\" content=\"2019-04-16T15:48:01+00:00\" \/>\n<meta name=\"twitter:card\" content=\"summary_large_image\" \/>\n<meta name=\"twitter:label1\" content=\"Tiempo de lectura\" \/>\n\t<meta name=\"twitter:data1\" content=\"1 minuto\" \/>\n<script type=\"application\/ld+json\" class=\"yoast-schema-graph\">{\"@context\":\"https:\/\/schema.org\",\"@graph\":[{\"@type\":\"WebPage\",\"@id\":\"https:\/\/www.edunexos.edu.co\/maestriaeducacion2028\/objetivos\/\",\"url\":\"https:\/\/www.edunexos.edu.co\/maestriaeducacion2028\/objetivos\/\",\"name\":\"Objetivos - MAESTR\u00cdA EN EDUCACI\u00d3N SUE CARIBE\",\"isPartOf\":{\"@id\":\"https:\/\/www.edunexos.edu.co\/maestriaeducacion2028\/#website\"},\"datePublished\":\"2019-04-16T15:48:00+00:00\",\"dateModified\":\"2019-04-16T15:48:01+00:00\",\"breadcrumb\":{\"@id\":\"https:\/\/www.edunexos.edu.co\/maestriaeducacion2028\/objetivos\/#breadcrumb\"},\"inLanguage\":\"es-CO\",\"potentialAction\":[{\"@type\":\"ReadAction\",\"target\":[\"https:\/\/www.edunexos.edu.co\/maestriaeducacion2028\/objetivos\/\"]}]},{\"@type\":\"BreadcrumbList\",\"@id\":\"https:\/\/www.edunexos.edu.co\/maestriaeducacion2028\/objetivos\/#breadcrumb\",\"itemListElement\":[{\"@type\":\"ListItem\",\"position\":1,\"name\":\"Inicio\",\"item\":\"https:\/\/www.edunexos.edu.co\/maestriaeducacion2028\/\"},{\"@type\":\"ListItem\",\"position\":2,\"name\":\"Objetivos\"}]},{\"@type\":\"WebSite\",\"@id\":\"https:\/\/www.edunexos.edu.co\/maestriaeducacion2028\/#website\",\"url\":\"https:\/\/www.edunexos.edu.co\/maestriaeducacion2028\/\",\"name\":\"MAESTR\u00cdA EN EDUCACI\u00d3N SUE CARIBE\",\"description\":\"SISTEMA DE UNIVERSIDADES ESTATALES DEL CARIBE COLOMBIANO\",\"publisher\":{\"@id\":\"https:\/\/www.edunexos.edu.co\/maestriaeducacion2028\/#organization\"},\"potentialAction\":[{\"@type\":\"SearchAction\",\"target\":{\"@type\":\"EntryPoint\",\"urlTemplate\":\"https:\/\/www.edunexos.edu.co\/maestriaeducacion2028\/?s={search_term_string}\"},\"query-input\":{\"@type\":\"PropertyValueSpecification\",\"valueRequired\":true,\"valueName\":\"search_term_string\"}}],\"inLanguage\":\"es-CO\"},{\"@type\":\"Organization\",\"@id\":\"https:\/\/www.edunexos.edu.co\/maestriaeducacion2028\/#organization\",\"name\":\"MAESTR\u00cdA EN EDUCACI\u00d3N SUE CARIBE\",\"url\":\"https:\/\/www.edunexos.edu.co\/maestriaeducacion2028\/\",\"logo\":{\"@type\":\"ImageObject\",\"inLanguage\":\"es-CO\",\"@id\":\"https:\/\/www.edunexos.edu.co\/maestriaeducacion2028\/#\/schema\/logo\/image\/\",\"url\":\"https:\/\/www.edunexos.edu.co\/maestriaeducacion2028\/wp-content\/uploads\/2019\/05\/logo4.png\",\"contentUrl\":\"https:\/\/www.edunexos.edu.co\/maestriaeducacion2028\/wp-content\/uploads\/2019\/05\/logo4.png\",\"width\":113,\"height\":68,\"caption\":\"MAESTR\u00cdA EN EDUCACI\u00d3N SUE CARIBE\"},\"image\":{\"@id\":\"https:\/\/www.edunexos.edu.co\/maestriaeducacion2028\/#\/schema\/logo\/image\/\"}}]}<\/script>\n<!-- \/ Yoast SEO plugin. -->","yoast_head_json":{"title":"Objetivos - MAESTR\u00cdA EN EDUCACI\u00d3N SUE CARIBE","robots":{"index":"index","follow":"follow","max-snippet":"max-snippet:-1","max-image-preview":"max-image-preview:large","max-video-preview":"max-video-preview:-1"},"canonical":"https:\/\/www.edunexos.edu.co\/maestriaeducacion2028\/objetivos\/","og_locale":"es_ES","og_type":"article","og_title":"Objetivos - MAESTR\u00cdA EN EDUCACI\u00d3N SUE CARIBE","og_description":"OBJETIVO GENERAL Desarrollar altas competencias en la investigaci\u00f3n de las problem\u00e1ticas en educaci\u00f3n, la pedagog\u00eda y el curr\u00edculo, que se evidencien en la acci\u00f3n, formaci\u00f3n y transformaci\u00f3n del conocimiento y de las realidades socialmente construidas en las que est\u00e1n inmersos los actores educativos. OBJETIVOS ESPEC\u00cdFICOS Contribuir con la formaci\u00f3n de investigadores en educaci\u00f3n que articulen [&hellip;]","og_url":"https:\/\/www.edunexos.edu.co\/maestriaeducacion2028\/objetivos\/","og_site_name":"MAESTR\u00cdA EN EDUCACI\u00d3N SUE CARIBE","article_modified_time":"2019-04-16T15:48:01+00:00","twitter_card":"summary_large_image","twitter_misc":{"Tiempo de lectura":"1 minuto"},"schema":{"@context":"https:\/\/schema.org","@graph":[{"@type":"WebPage","@id":"https:\/\/www.edunexos.edu.co\/maestriaeducacion2028\/objetivos\/","url":"https:\/\/www.edunexos.edu.co\/maestriaeducacion2028\/objetivos\/","name":"Objetivos - MAESTR\u00cdA EN EDUCACI\u00d3N SUE CARIBE","isPartOf":{"@id":"https:\/\/www.edunexos.edu.co\/maestriaeducacion2028\/#website"},"datePublished":"2019-04-16T15:48:00+00:00","dateModified":"2019-04-16T15:48:01+00:00","breadcrumb":{"@id":"https:\/\/www.edunexos.edu.co\/maestriaeducacion2028\/objetivos\/#breadcrumb"},"inLanguage":"es-CO","potentialAction":[{"@type":"ReadAction","target":["https:\/\/www.edunexos.edu.co\/maestriaeducacion2028\/objetivos\/"]}]},{"@type":"BreadcrumbList","@id":"https:\/\/www.edunexos.edu.co\/maestriaeducacion2028\/objetivos\/#breadcrumb","itemListElement":[{"@type":"ListItem","position":1,"name":"Inicio","item":"https:\/\/www.edunexos.edu.co\/maestriaeducacion2028\/"},{"@type":"ListItem","position":2,"name":"Objetivos"}]},{"@type":"WebSite","@id":"https:\/\/www.edunexos.edu.co\/maestriaeducacion2028\/#website","url":"https:\/\/www.edunexos.edu.co\/maestriaeducacion2028\/","name":"MAESTR\u00cdA EN EDUCACI\u00d3N SUE CARIBE","description":"SISTEMA DE UNIVERSIDADES ESTATALES DEL CARIBE COLOMBIANO","publisher":{"@id":"https:\/\/www.edunexos.edu.co\/maestriaeducacion2028\/#organization"},"potentialAction":[{"@type":"SearchAction","target":{"@type":"EntryPoint","urlTemplate":"https:\/\/www.edunexos.edu.co\/maestriaeducacion2028\/?s={search_term_string}"},"query-input":{"@type":"PropertyValueSpecification","valueRequired":true,"valueName":"search_term_string"}}],"inLanguage":"es-CO"},{"@type":"Organization","@id":"https:\/\/www.edunexos.edu.co\/maestriaeducacion2028\/#organization","name":"MAESTR\u00cdA EN EDUCACI\u00d3N SUE CARIBE","url":"https:\/\/www.edunexos.edu.co\/maestriaeducacion2028\/","logo":{"@type":"ImageObject","inLanguage":"es-CO","@id":"https:\/\/www.edunexos.edu.co\/maestriaeducacion2028\/#\/schema\/logo\/image\/","url":"https:\/\/www.edunexos.edu.co\/maestriaeducacion2028\/wp-content\/uploads\/2019\/05\/logo4.png","contentUrl":"https:\/\/www.edunexos.edu.co\/maestriaeducacion2028\/wp-content\/uploads\/2019\/05\/logo4.png","width":113,"height":68,"caption":"MAESTR\u00cdA EN EDUCACI\u00d3N SUE CARIBE"},"image":{"@id":"https:\/\/www.edunexos.edu.co\/maestriaeducacion2028\/#\/schema\/logo\/image\/"}}]}},"_links":{"self":[{"href":"https:\/\/www.edunexos.edu.co\/maestriaeducacion2028\/wp-json\/wp\/v2\/pages\/53","targetHints":{"allow":["GET"]}}],"collection":[{"href":"https:\/\/www.edunexos.edu.co\/maestriaeducacion2028\/wp-json\/wp\/v2\/pages"}],"about":[{"href":"https:\/\/www.edunexos.edu.co\/maestriaeducacion2028\/wp-json\/wp\/v2\/types\/page"}],"author":[{"embeddable":true,"href":"https:\/\/www.edunexos.edu.co\/maestriaeducacion2028\/wp-json\/wp\/v2\/users\/1"}],"replies":[{"embeddable":true,"href":"https:\/\/www.edunexos.edu.co\/maestriaeducacion2028\/wp-json\/wp\/v2\/comments?post=53"}],"version-history":[{"count":1,"href":"https:\/\/www.edunexos.edu.co\/maestriaeducacion2028\/wp-json\/wp\/v2\/pages\/53\/revisions"}],"predecessor-version":[{"id":54,"href":"https:\/\/www.edunexos.edu.co\/maestriaeducacion2028\/wp-json\/wp\/v2\/pages\/53\/revisions\/54"}],"wp:attachment":[{"href":"https:\/\/www.edunexos.edu.co\/maestriaeducacion2028\/wp-json\/wp\/v2\/media?parent=53"}],"curies":[{"name":"wp","href":"https:\/\/api.w.org\/{rel}","templated":true}]}}