{"id":410,"date":"2019-05-02T17:48:06","date_gmt":"2019-05-02T17:48:06","guid":{"rendered":"http:\/\/www.edunexos.edu.co\/maestriaeducacion\/?page_id=410"},"modified":"2022-05-25T13:11:44","modified_gmt":"2022-05-25T18:11:44","slug":"grupos","status":"publish","type":"page","link":"https:\/\/www.edunexos.edu.co\/maestriaeducacion2028\/grupos\/","title":{"rendered":"Grupos"},"content":{"rendered":"\n<p class=\"has-text-align-center\"><strong>GRUPOS DE INVESTIGACI\u00d3N EN LA RED SUE CARIBE<\/strong><\/p>\n\n\n\n<figure class=\"wp-block-image size-full\"><img fetchpriority=\"high\" decoding=\"async\" width=\"809\" height=\"595\" src=\"https:\/\/www.edunexos.edu.co\/maestriaeducacion\/wp-content\/uploads\/2022\/05\/GRUPOS-4-Actualizado-Junio-2022.png\" alt=\"\" class=\"wp-image-1202\" srcset=\"https:\/\/www.edunexos.edu.co\/maestriaeducacion2028\/wp-content\/uploads\/2022\/05\/GRUPOS-4-Actualizado-Junio-2022.png 809w, https:\/\/www.edunexos.edu.co\/maestriaeducacion2028\/wp-content\/uploads\/2022\/05\/GRUPOS-4-Actualizado-Junio-2022-300x221.png 300w, https:\/\/www.edunexos.edu.co\/maestriaeducacion2028\/wp-content\/uploads\/2022\/05\/GRUPOS-4-Actualizado-Junio-2022-768x565.png 768w, https:\/\/www.edunexos.edu.co\/maestriaeducacion2028\/wp-content\/uploads\/2022\/05\/GRUPOS-4-Actualizado-Junio-2022-400x294.png 400w\" sizes=\"(max-width: 809px) 100vw, 809px\" \/><\/figure>\n\n\n\n<p class=\"has-text-align-center\"><strong>GRUPOS DE INVESTIGACI\u00d3N EN LA UNIVERSIDAD DE C\u00d3RDOBA<\/strong><\/p>\n\n\n\n<table class=\"wp-block-table is-style-stripes\"><tbody><tr><td><img decoding=\"async\" src=\"http:\/\/www.edunexos.edu.co\/maestriaeducacion\/wp-content\/uploads\/2019\/05\/cymted.jpg\" alt=\"\" class=\"wp-image-482\" width=\"326\" height=\"125\" srcset=\"https:\/\/www.edunexos.edu.co\/maestriaeducacion2028\/wp-content\/uploads\/2019\/05\/cymted.jpg 826w, https:\/\/www.edunexos.edu.co\/maestriaeducacion2028\/wp-content\/uploads\/2019\/05\/cymted-300x115.jpg 300w, https:\/\/www.edunexos.edu.co\/maestriaeducacion2028\/wp-content\/uploads\/2019\/05\/cymted-768x296.jpg 768w, https:\/\/www.edunexos.edu.co\/maestriaeducacion2028\/wp-content\/uploads\/2019\/05\/cymted-400x154.jpg 400w\" sizes=\"(max-width: 326px) 100vw, 326px\" \/><\/td><td><\/td><td><img decoding=\"async\" src=\"https:\/\/www.edunexos.edu.co\/maestriaeducacion\/wp-content\/uploads\/2019\/05\/image-1.png\" alt=\"\" class=\"wp-image-484\" width=\"344\" height=\"108\" srcset=\"https:\/\/www.edunexos.edu.co\/maestriaeducacion2028\/wp-content\/uploads\/2019\/05\/image-1.png 537w, https:\/\/www.edunexos.edu.co\/maestriaeducacion2028\/wp-content\/uploads\/2019\/05\/image-1-300x94.png 300w, https:\/\/www.edunexos.edu.co\/maestriaeducacion2028\/wp-content\/uploads\/2019\/05\/image-1-400x125.png 400w\" sizes=\"(max-width: 344px) 100vw, 344px\" \/><\/td><\/tr><tr><td><img loading=\"lazy\" decoding=\"async\" width=\"311\" height=\"46\" src=\"http:\/\/www.edunexos.edu.co\/maestriaeducacion\/wp-content\/uploads\/2019\/05\/SOCRATES.png\" alt=\"\" class=\"wp-image-501\" srcset=\"https:\/\/www.edunexos.edu.co\/maestriaeducacion2028\/wp-content\/uploads\/2019\/05\/SOCRATES.png 311w, https:\/\/www.edunexos.edu.co\/maestriaeducacion2028\/wp-content\/uploads\/2019\/05\/SOCRATES-300x44.png 300w\" sizes=\"(max-width: 311px) 100vw, 311px\" \/><\/td><td><\/td><td><img loading=\"lazy\" decoding=\"async\" width=\"115\" height=\"152\" src=\"https:\/\/www.edunexos.edu.co\/maestriaeducacion\/wp-content\/uploads\/2019\/05\/image-2.png\" alt=\"\" class=\"wp-image-489\"><\/td><\/tr><tr><td><img loading=\"lazy\" decoding=\"async\" width=\"93\" height=\"46\" src=\"https:\/\/www.edunexos.edu.co\/maestriaeducacion\/wp-content\/uploads\/2019\/05\/SIC.png\" alt=\"\" class=\"wp-image-498\"><\/td><td><\/td><td><img loading=\"lazy\" decoding=\"async\" width=\"220\" height=\"46\" src=\"https:\/\/www.edunexos.edu.co\/maestriaeducacion\/wp-content\/uploads\/2019\/05\/GICNEA.png\" alt=\"\" class=\"wp-image-504\"><\/td><\/tr>\n<tr><td><\/td><td><\/td><\/tr>\n<\/tbody><\/table>\n","protected":false},"excerpt":{"rendered":"<p>GRUPOS DE INVESTIGACI\u00d3N EN LA RED SUE CARIBE GRUPOS DE INVESTIGACI\u00d3N EN LA UNIVERSIDAD DE C\u00d3RDOBA<\/p>\n","protected":false},"author":1,"featured_media":0,"parent":0,"menu_order":0,"comment_status":"closed","ping_status":"closed","template":"","meta":{"footnotes":""},"class_list":["post-410","page","type-page","status-publish","hentry"],"yoast_head":"<!-- This site is optimized with the Yoast SEO plugin v24.2 - https:\/\/yoast.com\/wordpress\/plugins\/seo\/ -->\n<title>Grupos - MAESTR\u00cdA EN EDUCACI\u00d3N SUE CARIBE<\/title>\n<meta name=\"robots\" content=\"index, follow, max-snippet:-1, max-image-preview:large, max-video-preview:-1\" \/>\n<link rel=\"canonical\" href=\"https:\/\/www.edunexos.edu.co\/maestriaeducacion2028\/grupos\/\" \/>\n<meta property=\"og:locale\" content=\"es_ES\" \/>\n<meta property=\"og:type\" content=\"article\" \/>\n<meta property=\"og:title\" content=\"Grupos - MAESTR\u00cdA EN EDUCACI\u00d3N SUE CARIBE\" \/>\n<meta property=\"og:description\" content=\"GRUPOS DE INVESTIGACI\u00d3N EN LA RED SUE CARIBE GRUPOS DE INVESTIGACI\u00d3N EN LA UNIVERSIDAD DE C\u00d3RDOBA\" \/>\n<meta property=\"og:url\" content=\"https:\/\/www.edunexos.edu.co\/maestriaeducacion2028\/grupos\/\" \/>\n<meta property=\"og:site_name\" content=\"MAESTR\u00cdA EN EDUCACI\u00d3N SUE CARIBE\" \/>\n<meta property=\"article:modified_time\" content=\"2022-05-25T18:11:44+00:00\" \/>\n<meta property=\"og:image\" content=\"https:\/\/www.edunexos.edu.co\/maestriaeducacion\/wp-content\/uploads\/2022\/05\/GRUPOS-4-Actualizado-Junio-2022.png\" \/>\n<meta name=\"twitter:card\" content=\"summary_large_image\" \/>\n<script type=\"application\/ld+json\" class=\"yoast-schema-graph\">{\"@context\":\"https:\/\/schema.org\",\"@graph\":[{\"@type\":\"WebPage\",\"@id\":\"https:\/\/www.edunexos.edu.co\/maestriaeducacion2028\/grupos\/\",\"url\":\"https:\/\/www.edunexos.edu.co\/maestriaeducacion2028\/grupos\/\",\"name\":\"Grupos - MAESTR\u00cdA EN EDUCACI\u00d3N SUE CARIBE\",\"isPartOf\":{\"@id\":\"https:\/\/www.edunexos.edu.co\/maestriaeducacion2028\/#website\"},\"primaryImageOfPage\":{\"@id\":\"https:\/\/www.edunexos.edu.co\/maestriaeducacion2028\/grupos\/#primaryimage\"},\"image\":{\"@id\":\"https:\/\/www.edunexos.edu.co\/maestriaeducacion2028\/grupos\/#primaryimage\"},\"thumbnailUrl\":\"https:\/\/www.edunexos.edu.co\/maestriaeducacion\/wp-content\/uploads\/2022\/05\/GRUPOS-4-Actualizado-Junio-2022.png\",\"datePublished\":\"2019-05-02T17:48:06+00:00\",\"dateModified\":\"2022-05-25T18:11:44+00:00\",\"breadcrumb\":{\"@id\":\"https:\/\/www.edunexos.edu.co\/maestriaeducacion2028\/grupos\/#breadcrumb\"},\"inLanguage\":\"es-CO\",\"potentialAction\":[{\"@type\":\"ReadAction\",\"target\":[\"https:\/\/www.edunexos.edu.co\/maestriaeducacion2028\/grupos\/\"]}]},{\"@type\":\"ImageObject\",\"inLanguage\":\"es-CO\",\"@id\":\"https:\/\/www.edunexos.edu.co\/maestriaeducacion2028\/grupos\/#primaryimage\",\"url\":\"https:\/\/www.edunexos.edu.co\/maestriaeducacion\/wp-content\/uploads\/2022\/05\/GRUPOS-4-Actualizado-Junio-2022.png\",\"contentUrl\":\"https:\/\/www.edunexos.edu.co\/maestriaeducacion\/wp-content\/uploads\/2022\/05\/GRUPOS-4-Actualizado-Junio-2022.png\"},{\"@type\":\"BreadcrumbList\",\"@id\":\"https:\/\/www.edunexos.edu.co\/maestriaeducacion2028\/grupos\/#breadcrumb\",\"itemListElement\":[{\"@type\":\"ListItem\",\"position\":1,\"name\":\"Inicio\",\"item\":\"https:\/\/www.edunexos.edu.co\/maestriaeducacion2028\/\"},{\"@type\":\"ListItem\",\"position\":2,\"name\":\"Grupos\"}]},{\"@type\":\"WebSite\",\"@id\":\"https:\/\/www.edunexos.edu.co\/maestriaeducacion2028\/#website\",\"url\":\"https:\/\/www.edunexos.edu.co\/maestriaeducacion2028\/\",\"name\":\"MAESTR\u00cdA EN EDUCACI\u00d3N SUE CARIBE\",\"description\":\"SISTEMA DE UNIVERSIDADES ESTATALES DEL CARIBE COLOMBIANO\",\"publisher\":{\"@id\":\"https:\/\/www.edunexos.edu.co\/maestriaeducacion2028\/#organization\"},\"potentialAction\":[{\"@type\":\"SearchAction\",\"target\":{\"@type\":\"EntryPoint\",\"urlTemplate\":\"https:\/\/www.edunexos.edu.co\/maestriaeducacion2028\/?s={search_term_string}\"},\"query-input\":{\"@type\":\"PropertyValueSpecification\",\"valueRequired\":true,\"valueName\":\"search_term_string\"}}],\"inLanguage\":\"es-CO\"},{\"@type\":\"Organization\",\"@id\":\"https:\/\/www.edunexos.edu.co\/maestriaeducacion2028\/#organization\",\"name\":\"MAESTR\u00cdA EN EDUCACI\u00d3N SUE CARIBE\",\"url\":\"https:\/\/www.edunexos.edu.co\/maestriaeducacion2028\/\",\"logo\":{\"@type\":\"ImageObject\",\"inLanguage\":\"es-CO\",\"@id\":\"https:\/\/www.edunexos.edu.co\/maestriaeducacion2028\/#\/schema\/logo\/image\/\",\"url\":\"https:\/\/www.edunexos.edu.co\/maestriaeducacion2028\/wp-content\/uploads\/2019\/05\/logo4.png\",\"contentUrl\":\"https:\/\/www.edunexos.edu.co\/maestriaeducacion2028\/wp-content\/uploads\/2019\/05\/logo4.png\",\"width\":113,\"height\":68,\"caption\":\"MAESTR\u00cdA EN EDUCACI\u00d3N SUE CARIBE\"},\"image\":{\"@id\":\"https:\/\/www.edunexos.edu.co\/maestriaeducacion2028\/#\/schema\/logo\/image\/\"}}]}<\/script>\n<!-- \/ Yoast SEO plugin. -->","yoast_head_json":{"title":"Grupos - MAESTR\u00cdA EN EDUCACI\u00d3N SUE CARIBE","robots":{"index":"index","follow":"follow","max-snippet":"max-snippet:-1","max-image-preview":"max-image-preview:large","max-video-preview":"max-video-preview:-1"},"canonical":"https:\/\/www.edunexos.edu.co\/maestriaeducacion2028\/grupos\/","og_locale":"es_ES","og_type":"article","og_title":"Grupos - MAESTR\u00cdA EN EDUCACI\u00d3N SUE CARIBE","og_description":"GRUPOS DE INVESTIGACI\u00d3N EN LA RED SUE CARIBE GRUPOS DE INVESTIGACI\u00d3N EN LA UNIVERSIDAD DE C\u00d3RDOBA","og_url":"https:\/\/www.edunexos.edu.co\/maestriaeducacion2028\/grupos\/","og_site_name":"MAESTR\u00cdA EN EDUCACI\u00d3N SUE CARIBE","article_modified_time":"2022-05-25T18:11:44+00:00","og_image":[{"url":"https:\/\/www.edunexos.edu.co\/maestriaeducacion\/wp-content\/uploads\/2022\/05\/GRUPOS-4-Actualizado-Junio-2022.png","type":"","width":"","height":""}],"twitter_card":"summary_large_image","schema":{"@context":"https:\/\/schema.org","@graph":[{"@type":"WebPage","@id":"https:\/\/www.edunexos.edu.co\/maestriaeducacion2028\/grupos\/","url":"https:\/\/www.edunexos.edu.co\/maestriaeducacion2028\/grupos\/","name":"Grupos - MAESTR\u00cdA EN EDUCACI\u00d3N SUE CARIBE","isPartOf":{"@id":"https:\/\/www.edunexos.edu.co\/maestriaeducacion2028\/#website"},"primaryImageOfPage":{"@id":"https:\/\/www.edunexos.edu.co\/maestriaeducacion2028\/grupos\/#primaryimage"},"image":{"@id":"https:\/\/www.edunexos.edu.co\/maestriaeducacion2028\/grupos\/#primaryimage"},"thumbnailUrl":"https:\/\/www.edunexos.edu.co\/maestriaeducacion\/wp-content\/uploads\/2022\/05\/GRUPOS-4-Actualizado-Junio-2022.png","datePublished":"2019-05-02T17:48:06+00:00","dateModified":"2022-05-25T18:11:44+00:00","breadcrumb":{"@id":"https:\/\/www.edunexos.edu.co\/maestriaeducacion2028\/grupos\/#breadcrumb"},"inLanguage":"es-CO","potentialAction":[{"@type":"ReadAction","target":["https:\/\/www.edunexos.edu.co\/maestriaeducacion2028\/grupos\/"]}]},{"@type":"ImageObject","inLanguage":"es-CO","@id":"https:\/\/www.edunexos.edu.co\/maestriaeducacion2028\/grupos\/#primaryimage","url":"https:\/\/www.edunexos.edu.co\/maestriaeducacion\/wp-content\/uploads\/2022\/05\/GRUPOS-4-Actualizado-Junio-2022.png","contentUrl":"https:\/\/www.edunexos.edu.co\/maestriaeducacion\/wp-content\/uploads\/2022\/05\/GRUPOS-4-Actualizado-Junio-2022.png"},{"@type":"BreadcrumbList","@id":"https:\/\/www.edunexos.edu.co\/maestriaeducacion2028\/grupos\/#breadcrumb","itemListElement":[{"@type":"ListItem","position":1,"name":"Inicio","item":"https:\/\/www.edunexos.edu.co\/maestriaeducacion2028\/"},{"@type":"ListItem","position":2,"name":"Grupos"}]},{"@type":"WebSite","@id":"https:\/\/www.edunexos.edu.co\/maestriaeducacion2028\/#website","url":"https:\/\/www.edunexos.edu.co\/maestriaeducacion2028\/","name":"MAESTR\u00cdA EN EDUCACI\u00d3N SUE CARIBE","description":"SISTEMA DE UNIVERSIDADES ESTATALES DEL CARIBE COLOMBIANO","publisher":{"@id":"https:\/\/www.edunexos.edu.co\/maestriaeducacion2028\/#organization"},"potentialAction":[{"@type":"SearchAction","target":{"@type":"EntryPoint","urlTemplate":"https:\/\/www.edunexos.edu.co\/maestriaeducacion2028\/?s={search_term_string}"},"query-input":{"@type":"PropertyValueSpecification","valueRequired":true,"valueName":"search_term_string"}}],"inLanguage":"es-CO"},{"@type":"Organization","@id":"https:\/\/www.edunexos.edu.co\/maestriaeducacion2028\/#organization","name":"MAESTR\u00cdA EN EDUCACI\u00d3N SUE CARIBE","url":"https:\/\/www.edunexos.edu.co\/maestriaeducacion2028\/","logo":{"@type":"ImageObject","inLanguage":"es-CO","@id":"https:\/\/www.edunexos.edu.co\/maestriaeducacion2028\/#\/schema\/logo\/image\/","url":"https:\/\/www.edunexos.edu.co\/maestriaeducacion2028\/wp-content\/uploads\/2019\/05\/logo4.png","contentUrl":"https:\/\/www.edunexos.edu.co\/maestriaeducacion2028\/wp-content\/uploads\/2019\/05\/logo4.png","width":113,"height":68,"caption":"MAESTR\u00cdA EN EDUCACI\u00d3N SUE CARIBE"},"image":{"@id":"https:\/\/www.edunexos.edu.co\/maestriaeducacion2028\/#\/schema\/logo\/image\/"}}]}},"_links":{"self":[{"href":"https:\/\/www.edunexos.edu.co\/maestriaeducacion2028\/wp-json\/wp\/v2\/pages\/410","targetHints":{"allow":["GET"]}}],"collection":[{"href":"https:\/\/www.edunexos.edu.co\/maestriaeducacion2028\/wp-json\/wp\/v2\/pages"}],"about":[{"href":"https:\/\/www.edunexos.edu.co\/maestriaeducacion2028\/wp-json\/wp\/v2\/types\/page"}],"author":[{"embeddable":true,"href":"https:\/\/www.edunexos.edu.co\/maestriaeducacion2028\/wp-json\/wp\/v2\/users\/1"}],"replies":[{"embeddable":true,"href":"https:\/\/www.edunexos.edu.co\/maestriaeducacion2028\/wp-json\/wp\/v2\/comments?post=410"}],"version-history":[{"count":27,"href":"https:\/\/www.edunexos.edu.co\/maestriaeducacion2028\/wp-json\/wp\/v2\/pages\/410\/revisions"}],"predecessor-version":[{"id":1203,"href":"https:\/\/www.edunexos.edu.co\/maestriaeducacion2028\/wp-json\/wp\/v2\/pages\/410\/revisions\/1203"}],"wp:attachment":[{"href":"https:\/\/www.edunexos.edu.co\/maestriaeducacion2028\/wp-json\/wp\/v2\/media?parent=410"}],"curies":[{"name":"wp","href":"https:\/\/api.w.org\/{rel}","templated":true}]}}