{"id":168,"date":"2019-04-23T03:32:34","date_gmt":"2019-04-23T03:32:34","guid":{"rendered":"http:\/\/www.edunexos.edu.co\/maestriaeducacion\/?page_id=168"},"modified":"2019-05-03T17:52:48","modified_gmt":"2019-05-03T17:52:48","slug":"plan-de-estudios","status":"publish","type":"page","link":"https:\/\/www.edunexos.edu.co\/maestriaeducacion2028\/plan-de-estudios\/","title":{"rendered":"Plan de Estudios"},"content":{"rendered":"\n<p><strong>Campos de Saber en la Formaci\u00f3n de Educadores<\/strong><\/p>\n\n\n\n<div class=\"wp-block-image\"><figure class=\"aligncenter\"><img fetchpriority=\"high\" decoding=\"async\" width=\"390\" height=\"227\" src=\"http:\/\/www.edunexos.edu.co\/maestriaeducacion\/wp-content\/uploads\/2019\/04\/image.png\" alt=\"\" class=\"wp-image-217\" srcset=\"https:\/\/www.edunexos.edu.co\/maestriaeducacion2028\/wp-content\/uploads\/2019\/04\/image.png 390w, https:\/\/www.edunexos.edu.co\/maestriaeducacion2028\/wp-content\/uploads\/2019\/04\/image-300x175.png 300w\" sizes=\"(max-width: 390px) 100vw, 390px\" \/><\/figure><\/div>\n\n\n\n<p><strong>Plan de Estudio y Distribuci\u00f3n de Cr\u00e9ditos por Semestre del Programa de Maestr\u00eda en Educaci\u00f3n<\/strong><\/p>\n\n\n\n<table border=\"1\" cellspacing=\"0\" cellpadding=\"0\" width=\"905\">\n  <tr>\n    <td width=\"64\" rowspan=\"2\" valign=\"bottom\" bgcolor=\"#FFFFCC\"><p><strong>SEMESTRE<\/strong><\/p><\/td>\n    <td width=\"841\" colspan=\"9\" valign=\"top\" bgcolor=\"#FFFFCC\"><p align=\"center\"><strong>COMPONENTES DE FORMACI&Oacute;N<\/strong><\/p><\/td>\n  <\/tr>\n  <tr>\n    <td width=\"151\" valign=\"top\" bgcolor=\"#FFFFCC\"><p align=\"center\"><strong>CURRICULO, COGNICION Y    APRENDIZAJE (CCA)<\/strong><strong> <\/strong><\/p><\/td>\n    <td width=\"47\" valign=\"top\" bgcolor=\"#FFFFCC\"><p align=\"center\"><strong>Cred<\/strong><\/p><\/td>\n    <td width=\"161\" valign=\"top\" bgcolor=\"#FFFFCC\"><p align=\"center\"><strong>EDUCACION CONVIVENCIA Y    SOCIEDAD (ECS)<\/strong><\/p><\/td>\n    <td width=\"47\" valign=\"top\" bgcolor=\"#FFFFCC\"><p align=\"center\"><strong>Cred<\/strong><\/p><\/td>\n    <td width=\"180\" valign=\"top\" bgcolor=\"#FFFFCC\"><p align=\"center\"><strong>INVESTIGACION EDUCATIVA Y PEDAGOGICA ( IEP)<\/strong><\/p><\/td>\n    <td width=\"47\" valign=\"top\" bgcolor=\"#FFFFCC\"><p align=\"center\"><strong>Cred<\/strong><\/p><\/td>\n    <td width=\"91\" valign=\"top\" bgcolor=\"#FFFFCC\"><p align=\"center\"><strong>PROYECTO DE <\/strong><strong>INVESTIGACI&Oacute;N<\/strong><strong> <\/strong><\/p><\/td>\n    <td width=\"45\" valign=\"top\" bgcolor=\"#FFFFCC\"><p align=\"center\"><strong>Cred<\/strong><\/p><\/td>\n    <td width=\"72\" valign=\"top\" bgcolor=\"#FFFFCC\"><p align=\"center\"><strong>Total Cr&eacute;ditos<\/strong><\/p><\/td>\n  <\/tr>\n  <tr>\n    <td width=\"64\" rowspan=\"2\" valign=\"top\"><p align=\"center\"><strong>I<\/strong><\/p><\/td>\n    <td width=\"151\" valign=\"top\"><p><strong>Procesos    de dise&ntilde;o y desarrollo curricular, did&aacute;ctica y evaluaci&oacute;n del aprendizaje<\/strong><strong> <\/strong><\/p><\/td>\n    <td width=\"47\" rowspan=\"2\"><p align=\"center\">3<\/p><\/td>\n    <td width=\"161\" valign=\"top\"><p><strong>Fundamentaci&oacute;n    epistemol&oacute;gica y filos&oacute;fica<\/strong> <\/p><\/td>\n    <td width=\"47\" rowspan=\"2\"><p align=\"center\">4<\/p><\/td>\n    <td width=\"180\" rowspan=\"2\" valign=\"top\"><p><strong>Enfoques    m&eacute;todos y t&eacute;cnicas de investigaci&oacute;n&nbsp;    educativa y pedag&oacute;gica<\/strong><strong> <\/strong><\/p><\/td>\n    <td width=\"47\" rowspan=\"2\"><p align=\"center\">3<\/p><\/td>\n    <td width=\"91\" rowspan=\"2\" valign=\"top\"><p><strong>Proyecto I <\/strong><br \/>\n            <strong>Estado del    arte de la investigacion educativa<\/strong><\/p><\/td>\n    <td width=\"45\" rowspan=\"2\"><p align=\"center\">2<\/p><\/td>\n    <td width=\"72\" rowspan=\"2\" valign=\"top\"><p align=\"center\"><strong>12<\/strong><\/p><\/td>\n  <\/tr>\n  <tr>\n    <td width=\"151\" valign=\"top\"><p align=\"center\"><strong>Seminarios<\/strong><br \/>\n      -Teor&iacute;as    de aprendizaje<br \/>\n      -Teor&iacute;as del dise&ntilde;o y evaluaci&oacute;n de curr&iacute;culo<br \/>\n      &#8211; Did&aacute;ctica y mediaci&oacute;n pedag&oacute;gica <\/p><\/td>\n    <td width=\"161\" valign=\"top\"><p align=\"center\"><strong>Seminarios<\/strong><br \/>\n      -Epistemolog&iacute;a    de la pedagog&iacute;a<br \/>\n      &nbsp;&#8211;    Filosof&iacute;a e historia de la educaci&oacute;n &ndash; <br \/>\n      -Pensamiento pedag&oacute;gico latinoamericano <\/p><\/td>\n  <\/tr>\n  <tr>\n    <td width=\"64\" rowspan=\"2\" valign=\"top\" bgcolor=\"#F2F2F2\"><p align=\"center\"><strong>II<\/strong><\/p><\/td>\n    <td width=\"151\" rowspan=\"2\" valign=\"top\" bgcolor=\"#F2F2F2\"><p>ELECTIVA 01 CCA <\/p><\/td>\n    <td width=\"47\" rowspan=\"2\" bgcolor=\"#F2F2F2\"><p align=\"center\">2<\/p><\/td>\n    <td width=\"161\" rowspan=\"2\" valign=\"top\" bgcolor=\"#F2F2F2\"><p>ELECTIVA 01 ECS <\/p><\/td>\n    <td width=\"47\" rowspan=\"2\" bgcolor=\"#F2F2F2\"><p align=\"center\">2<\/p><\/td>\n    <td width=\"180\" valign=\"top\" bgcolor=\"#F2F2F2\"><p><strong>Dise&ntilde;os de    investigaci&oacute;n&nbsp; educativa&nbsp; y pedag&oacute;gica I<\/strong><\/p><\/td>\n    <td width=\"47\" rowspan=\"2\" bgcolor=\"#F2F2F2\"><p align=\"center\">6<\/p><\/td>\n    <td width=\"91\" rowspan=\"2\" valign=\"top\" bgcolor=\"#F2F2F2\"><p><strong>Proyecto    II<\/strong><\/p><\/td>\n    <td width=\"45\" rowspan=\"2\" bgcolor=\"#F2F2F2\"><p align=\"center\">2<\/p><\/td>\n    <td width=\"72\" rowspan=\"2\" valign=\"top\" bgcolor=\"#F2F2F2\"><p align=\"center\"><strong>12<\/strong><\/p><\/td>\n  <\/tr>\n  <tr>\n    <td width=\"180\" valign=\"top\" bgcolor=\"#F2F2F2\"><p align=\"center\"><strong>Seminarios<\/strong><br \/>\n      -Dise&ntilde;os cualitativos<br \/>\n      -Dise&ntilde;os cuantitativos<br \/>\n    -Dise&ntilde;os&nbsp;    mixtos<strong> <\/strong><strong> <\/strong><\/p><\/td>\n  <\/tr>\n  <tr>\n    <td width=\"64\" rowspan=\"2\" valign=\"top\"><p align=\"center\"><strong>III<\/strong><\/p><\/td>\n    <td width=\"151\" rowspan=\"2\" valign=\"top\"><p>ELECTIVA 02 CCA<\/p><\/td>\n    <td width=\"47\" rowspan=\"2\"><p align=\"center\">2<\/p><\/td>\n    <td width=\"161\" rowspan=\"2\" valign=\"top\"><p>ELECTIVA 02 ECS <\/p><\/td>\n    <td width=\"47\" rowspan=\"2\"><p align=\"center\">2<\/p><\/td>\n    <td width=\"180\" valign=\"top\"><p><strong>Dise&ntilde;os de    investigaci&oacute;n&nbsp; educativa&nbsp; y pedag&oacute;gica II<\/strong><\/p><\/td>\n    <td width=\"47\" rowspan=\"2\"><p align=\"center\">4<\/p><\/td>\n    <td width=\"91\" rowspan=\"2\" valign=\"top\"><p><strong>Proyecto    III<\/strong><\/p><\/td>\n    <td width=\"45\" rowspan=\"2\"><p align=\"center\">4<\/p><\/td>\n    <td width=\"72\" rowspan=\"2\" valign=\"top\"><p align=\"center\"><strong>12<\/strong><\/p><\/td>\n  <\/tr>\n  <tr>\n    <td width=\"180\" valign=\"top\"><p align=\"center\"><strong>Seminarios<\/strong><br \/>\n      &#8211; T&eacute;cnicas&nbsp;    e instrumentos de recolecci&oacute;n&nbsp;    de informaci&oacute;n en Inv. Cualitativa.<br \/>\n      &#8211; T&eacute;cnicas&nbsp;    e instrumentos de recolecci&oacute;n&nbsp;    de informaci&oacute;n en Inv. Cuantitativa.<\/p><\/td>\n  <\/tr>\n  <tr>\n    <td width=\"64\" valign=\"top\" bgcolor=\"#F2F2F2\"><p align=\"center\"><strong>IV<\/strong><\/p><\/td>\n    <td width=\"151\" valign=\"top\" bgcolor=\"#F2F2F2\"><p>ELECTIVA 03 CCA <\/p><\/td>\n    <td width=\"47\" bgcolor=\"#F2F2F2\"><p align=\"center\">2<\/p><\/td>\n    <td width=\"161\" valign=\"top\" bgcolor=\"#F2F2F2\"><p>ELECTIVA 03 ECS <\/p><\/td>\n    <td width=\"47\" bgcolor=\"#F2F2F2\"><p align=\"center\">2<\/p><\/td>\n    <td width=\"180\" valign=\"top\" bgcolor=\"#F2F2F2\"><p><strong>Organizaci&oacute;n    y tratamiento de datos de investigaci&oacute;n<\/strong><\/p><\/td>\n    <td width=\"47\" rowspan=\"2\" bgcolor=\"#F2F2F2\"><p align=\"center\">6<\/p><\/td>\n    <td width=\"91\" rowspan=\"2\" valign=\"top\" bgcolor=\"#F2F2F2\"><p><strong>Proyecto    IV<\/strong><\/p><\/td>\n    <td width=\"45\" rowspan=\"2\" bgcolor=\"#F2F2F2\"><p align=\"center\">4<\/p><\/td>\n    <td width=\"72\" rowspan=\"2\" valign=\"top\" bgcolor=\"#F2F2F2\"><p align=\"center\"><strong>14<\/strong><\/p><\/td>\n  <\/tr>\n  <tr>\n    <td width=\"64\" valign=\"top\" bgcolor=\"#F2F2F2\"><p align=\"center\"><strong>&nbsp;<\/strong><\/p><\/td>\n    <td width=\"151\" valign=\"top\" bgcolor=\"#F2F2F2\"><p>&nbsp;<\/p><\/td>\n    <td width=\"47\" valign=\"top\" bgcolor=\"#F2F2F2\"><p align=\"center\">&nbsp;<\/p><\/td>\n    <td width=\"161\" valign=\"top\" bgcolor=\"#F2F2F2\"><p>&nbsp;<\/p><\/td>\n    <td width=\"47\" bgcolor=\"#F2F2F2\"><p align=\"center\">&nbsp;<\/p><\/td>\n    <td width=\"180\" valign=\"top\" bgcolor=\"#F2F2F2\"><p align=\"center\"><strong>Seminarios<\/strong><br \/>\n      &#8211; Organizaci&oacute;n y tratamiento de datos de    investigaci&oacute;n cuantitativa <br \/>\n      &#8211; Organizaci&oacute;n y tratamiento de datos de    investigaci&oacute;n cualitativa y evaluativa.<br \/>\n    &#8211; Configuraci&oacute;n te&oacute;rica &#8211; escritura de textos    acad&eacute;micos&nbsp; e informes cient&iacute;ficos y de    investigaci&oacute;n<strong><\/strong><\/p><\/td>\n  <\/tr>\n  <tr>\n    <td width=\"64\" valign=\"top\"><p align=\"center\"><strong>Total <\/strong><strong> <\/strong><\/p><\/td>\n    <td width=\"151\" valign=\"bottom\"><p>&nbsp;<\/p><\/td>\n    <td width=\"47\" valign=\"bottom\"><p align=\"center\"><strong>9<\/strong><\/p><\/td>\n    <td width=\"161\" valign=\"bottom\"><p><strong>&nbsp;<\/strong><\/p><\/td>\n    <td width=\"47\" valign=\"bottom\"><p align=\"center\"><strong>10<\/strong><\/p><\/td>\n    <td width=\"180\" valign=\"bottom\"><p>&nbsp;<\/p><\/td>\n    <td width=\"47\" valign=\"bottom\"><p align=\"center\"><strong>19<\/strong><\/p><\/td>\n    <td width=\"91\" valign=\"bottom\"><p>&nbsp;<\/p><\/td>\n    <td width=\"45\" valign=\"bottom\"><p align=\"center\"><strong>12<\/strong><\/p><\/td>\n    <td width=\"72\" valign=\"bottom\"><p align=\"center\"><strong>50<\/strong><\/p><\/td>\n  <\/tr>\n<\/table>\n\n\n\n<p><strong>Campos de Saber en Relaci\u00f3n con los Componentes de Formaci\u00f3n<\/strong><\/p>\n\n\n\n<table width=\"566\" border=\"1\" bgcolor=\"F7FDFF\">\n  <tr>\n    <th width=\"96\" scope=\"col\"><span class=\"Estilo1\">CAMPO DE SABER<\/span><\/th>\n    <th width=\"127\" scope=\"col\"><span class=\"Estilo1\">COMPONENTES  DE FORMACI&Ograve;N<\/span><\/th>\n    <th width=\"321\" scope=\"col\"><span class=\"Estilo1\">CURSO<\/span><\/th>\n  <\/tr>\n  <tr>\n    <td rowspan=\"4\"><span class=\"Estilo1\"><strong>Realidades, tendencias socioculturales, pol&iacute;ticas  y educativas en Colombia<\/strong><\/span><\/td>\n    <td rowspan=\"11\"><span class=\"Estilo1\"><strong>EDUCACI&Oacute;N CONVIVENCIA Y SOCIEDAD<\/strong><\/span><\/td>\n    <td><span class=\"Estilo1\">Pol&iacute;ticas de calidad de la educaci&oacute;n en Colombia (E)<\/span><\/td>\n  <\/tr>\n  <tr>\n    <td><span class=\"Estilo1\">Gesti&oacute;n de las organizaciones educativas (E)<\/span><\/td>\n  <\/tr>\n  <tr>\n    <td><span class=\"Estilo1\">Sistemas y modelos de Evaluaci&oacute;n y acreditaci&oacute;n de la calidad de la educaci&oacute;n en Colombia y Am&eacute;rica Latina (E)<\/span><\/td>\n  <\/tr>\n  <tr>\n    <td><span class=\"Estilo1\">Ciencia ,Tecnolog&iacute;a y Educaci&oacute;n (E)<\/span><\/td>\n  <\/tr>\n  <tr>\n    <td rowspan=\"2\"><span class=\"Estilo1\"><strong>Estructura Hist&oacute;rica y epistemol&oacute;gica de la pedagog&iacute;a <\/strong><\/span><\/td>\n    <td><span class=\"Estilo1\">Epistemolog&iacute;a e historia de la educaci&oacute;n y de la pedagog&iacute;a (B)<\/span><\/td>\n  <\/tr>\n  <tr>\n    <td><span class=\"Estilo1\">Pensamiento pedag&oacute;gico latinoamericano y del caribe  (B)<\/span><\/td>\n  <\/tr>\n  <tr>\n    <td rowspan=\"5\"><span class=\"Estilo1\"><strong>Educabilidad del ser humano<\/strong><\/span><\/td>\n    <td><span class=\"Estilo1\">Desarrollo Humano en contexto (E)<\/span><\/td>\n  <\/tr>\n  <tr>\n    <td><span class=\"Estilo1\">Pedagog&iacute;a para el desarrollo de competencias ciudadanas (E)<\/span><\/td>\n  <\/tr>\n  <tr>\n    <td><span class=\"Estilo1\">Convivencia y pedagog&iacute;a social, urbana y rural<\/span><\/td>\n  <\/tr>\n  <tr>\n    <td><span class=\"Estilo1\">Etnoeducaci&oacute;n y educaci&oacute;n multicultural (E)<\/span><\/td>\n  <\/tr>\n  <tr>\n    <td><span class=\"Estilo1\">Procesos de educaci&oacute;n inclusiva (E)<\/span><\/td>\n  <\/tr>\n  <tr>\n    <td rowspan=\"8\"><span class=\"Estilo1\"><strong>Enfoques y modelos de investigaci&oacute;n en educaci&oacute;n y pedagog&iacute;a<\/strong><\/span><\/td>\n    <td rowspan=\"8\"><span class=\"Estilo1\"><strong>PROCESOS DE INVESTIGACI&Oacute;N EDUCATIVA Y PEDAG&Oacute;GICA<\/strong><\/span><\/td>\n    <td><span class=\"Estilo1\">Estados del arte de la investigaci&oacute;n educativa y pedag&oacute;gica (B)<\/span><\/td>\n  <\/tr>\n  <tr>\n    <td><span class=\"Estilo1\">Enfoques m&eacute;todos y t&eacute;cnicas de la investigaci&oacute;n educativa y pedag&oacute;gica  (B)<\/span><\/td>\n  <\/tr>\n  <tr>\n    <td><span class=\"Estilo1\">Enfoques Cualitativos en la investigaci&oacute;n educativa (Investigaci&oacute;n en el aula y la investigaci&oacute;n acci&oacute;n (B)<\/span><\/td>\n  <\/tr>\n  <tr>\n    <td><span class=\"Estilo1\">Dise&ntilde;os Experimentales y No Experimentales en la investigaci&oacute;n educativa (B)<\/span><\/td>\n  <\/tr>\n  <tr>\n    <td><span class=\"Estilo1\">Dise&ntilde;os Mixtos  e Investigaci&oacute;n evaluativa<\/span><\/td>\n  <\/tr>\n  <tr>\n    <td><span class=\"Estilo1\">T&eacute;cnicas de recolecci&oacute;n y validaci&oacute;n  de instrumentos  de datos de investigaci&oacute;n (B)<\/span><\/td>\n  <\/tr>\n  <tr>\n    <td><span class=\"Estilo1\">Organizaci&oacute;n y tratamiento de datos de investigaci&oacute;n cuantitativa y cualitativa (B)<\/span><\/td>\n  <\/tr>\n  <tr>\n    <td><span class=\"Estilo1\">Innovaci&oacute;n y desarrollo: ambientes digitales en educaci&oacute;n (E)<\/span><\/td>\n  <\/tr>\n  <tr>\n    <td rowspan=\"9\"><span class=\"Estilo1\"><strong>Ense&ntilde;abilidad y Aprendibilidad<\/strong><\/span><\/td>\n    <td rowspan=\"9\"><span class=\"Estilo1\"><strong>CURR&Iacute;CULO, COGNICI&Oacute;N Y APRENDIZAJE<\/strong><\/span><\/td>\n    <td><span class=\"Estilo1\">Teor&iacute;as de Aprendizaje, enfoques, modelos pedag&oacute;gicos(B)<\/span><\/td>\n  <\/tr>\n  <tr>\n    <td><span class=\"Estilo1\">Teor&iacute;as del dise&ntilde;o y Evaluaci&oacute;n del curr&iacute;culo(B)<\/span><\/td>\n  <\/tr>\n  <tr>\n    <td><span class=\"Estilo1\">Did&aacute;ctica y Mediaci&oacute;n pedag&oacute;gica (B)<\/span><\/td>\n  <\/tr>\n  <tr>\n    <td><span class=\"Estilo1\">Aprendizaje y Evaluaci&oacute;n por competencias (E)<\/span><\/td>\n  <\/tr>\n  <tr>\n    <td><span class=\"Estilo1\">Enfoques pedag&oacute;gicos y estrategias did&aacute;cticas contempor&aacute;neas (E)<\/span><\/td>\n  <\/tr>\n  <tr>\n    <td><span class=\"Estilo1\">Did&aacute;ctica de las disciplinas y evaluaci&oacute;n del aprendizaje (E)<\/span><\/td>\n  <\/tr>\n  <tr>\n    <td><span class=\"Estilo1\">Metacognici&oacute;n y aprendizaje aut&oacute;nomo (E)<\/span><\/td>\n  <\/tr>\n  <tr>\n    <td><span class=\"Estilo1\">Neurocognici&oacute;n y aprendizaje (E)<\/span><\/td>\n  <\/tr>\n  <tr>\n    <td><span class=\"Estilo1\">Redes, comunidades de aprendizaje y gesti&oacute;n del conocimiento  (E)<\/span><\/td>\n  <\/tr>\n<\/table>\n","protected":false},"excerpt":{"rendered":"<p>Campos de Saber en la Formaci\u00f3n de Educadores Plan de Estudio y Distribuci\u00f3n de Cr\u00e9ditos por Semestre del Programa de Maestr\u00eda en Educaci\u00f3n SEMESTRE COMPONENTES DE FORMACI&Oacute;N CURRICULO, COGNICION Y APRENDIZAJE (CCA) Cred EDUCACION CONVIVENCIA Y SOCIEDAD (ECS) Cred INVESTIGACION EDUCATIVA Y PEDAGOGICA ( IEP) Cred PROYECTO DE INVESTIGACI&Oacute;N Cred Total Cr&eacute;ditos I Procesos de [&hellip;]<\/p>\n","protected":false},"author":1,"featured_media":0,"parent":0,"menu_order":0,"comment_status":"closed","ping_status":"closed","template":"","meta":{"footnotes":""},"class_list":["post-168","page","type-page","status-publish","hentry"],"yoast_head":"<!-- This site is optimized with the Yoast SEO plugin v24.2 - https:\/\/yoast.com\/wordpress\/plugins\/seo\/ -->\n<title>Plan de Estudios - MAESTR\u00cdA EN EDUCACI\u00d3N SUE CARIBE<\/title>\n<meta name=\"robots\" content=\"index, follow, max-snippet:-1, max-image-preview:large, max-video-preview:-1\" \/>\n<link rel=\"canonical\" href=\"https:\/\/www.edunexos.edu.co\/maestriaeducacion2028\/plan-de-estudios\/\" \/>\n<meta property=\"og:locale\" content=\"es_ES\" \/>\n<meta property=\"og:type\" content=\"article\" \/>\n<meta property=\"og:title\" content=\"Plan de Estudios - MAESTR\u00cdA EN EDUCACI\u00d3N SUE CARIBE\" \/>\n<meta property=\"og:description\" content=\"Campos de Saber en la Formaci\u00f3n de Educadores Plan de Estudio y Distribuci\u00f3n de Cr\u00e9ditos por Semestre del Programa de Maestr\u00eda en Educaci\u00f3n SEMESTRE COMPONENTES DE FORMACI&Oacute;N CURRICULO, COGNICION Y APRENDIZAJE (CCA) Cred EDUCACION CONVIVENCIA Y SOCIEDAD (ECS) Cred INVESTIGACION EDUCATIVA Y PEDAGOGICA ( IEP) Cred PROYECTO DE INVESTIGACI&Oacute;N Cred Total Cr&eacute;ditos I Procesos de [&hellip;]\" \/>\n<meta property=\"og:url\" content=\"https:\/\/www.edunexos.edu.co\/maestriaeducacion2028\/plan-de-estudios\/\" \/>\n<meta property=\"og:site_name\" content=\"MAESTR\u00cdA EN EDUCACI\u00d3N SUE CARIBE\" \/>\n<meta property=\"article:modified_time\" content=\"2019-05-03T17:52:48+00:00\" \/>\n<meta property=\"og:image\" content=\"http:\/\/www.edunexos.edu.co\/maestriaeducacion\/wp-content\/uploads\/2019\/04\/image.png\" \/>\n<meta name=\"twitter:card\" content=\"summary_large_image\" \/>\n<meta name=\"twitter:label1\" content=\"Tiempo de lectura\" \/>\n\t<meta name=\"twitter:data1\" content=\"4 minutos\" \/>\n<script type=\"application\/ld+json\" class=\"yoast-schema-graph\">{\"@context\":\"https:\/\/schema.org\",\"@graph\":[{\"@type\":\"WebPage\",\"@id\":\"https:\/\/www.edunexos.edu.co\/maestriaeducacion2028\/plan-de-estudios\/\",\"url\":\"https:\/\/www.edunexos.edu.co\/maestriaeducacion2028\/plan-de-estudios\/\",\"name\":\"Plan de Estudios - MAESTR\u00cdA EN EDUCACI\u00d3N SUE CARIBE\",\"isPartOf\":{\"@id\":\"https:\/\/www.edunexos.edu.co\/maestriaeducacion2028\/#website\"},\"primaryImageOfPage\":{\"@id\":\"https:\/\/www.edunexos.edu.co\/maestriaeducacion2028\/plan-de-estudios\/#primaryimage\"},\"image\":{\"@id\":\"https:\/\/www.edunexos.edu.co\/maestriaeducacion2028\/plan-de-estudios\/#primaryimage\"},\"thumbnailUrl\":\"http:\/\/www.edunexos.edu.co\/maestriaeducacion\/wp-content\/uploads\/2019\/04\/image.png\",\"datePublished\":\"2019-04-23T03:32:34+00:00\",\"dateModified\":\"2019-05-03T17:52:48+00:00\",\"breadcrumb\":{\"@id\":\"https:\/\/www.edunexos.edu.co\/maestriaeducacion2028\/plan-de-estudios\/#breadcrumb\"},\"inLanguage\":\"es-CO\",\"potentialAction\":[{\"@type\":\"ReadAction\",\"target\":[\"https:\/\/www.edunexos.edu.co\/maestriaeducacion2028\/plan-de-estudios\/\"]}]},{\"@type\":\"ImageObject\",\"inLanguage\":\"es-CO\",\"@id\":\"https:\/\/www.edunexos.edu.co\/maestriaeducacion2028\/plan-de-estudios\/#primaryimage\",\"url\":\"http:\/\/www.edunexos.edu.co\/maestriaeducacion\/wp-content\/uploads\/2019\/04\/image.png\",\"contentUrl\":\"http:\/\/www.edunexos.edu.co\/maestriaeducacion\/wp-content\/uploads\/2019\/04\/image.png\"},{\"@type\":\"BreadcrumbList\",\"@id\":\"https:\/\/www.edunexos.edu.co\/maestriaeducacion2028\/plan-de-estudios\/#breadcrumb\",\"itemListElement\":[{\"@type\":\"ListItem\",\"position\":1,\"name\":\"Inicio\",\"item\":\"https:\/\/www.edunexos.edu.co\/maestriaeducacion2028\/\"},{\"@type\":\"ListItem\",\"position\":2,\"name\":\"Plan de Estudios\"}]},{\"@type\":\"WebSite\",\"@id\":\"https:\/\/www.edunexos.edu.co\/maestriaeducacion2028\/#website\",\"url\":\"https:\/\/www.edunexos.edu.co\/maestriaeducacion2028\/\",\"name\":\"MAESTR\u00cdA EN EDUCACI\u00d3N SUE CARIBE\",\"description\":\"SISTEMA DE UNIVERSIDADES ESTATALES DEL CARIBE COLOMBIANO\",\"publisher\":{\"@id\":\"https:\/\/www.edunexos.edu.co\/maestriaeducacion2028\/#organization\"},\"potentialAction\":[{\"@type\":\"SearchAction\",\"target\":{\"@type\":\"EntryPoint\",\"urlTemplate\":\"https:\/\/www.edunexos.edu.co\/maestriaeducacion2028\/?s={search_term_string}\"},\"query-input\":{\"@type\":\"PropertyValueSpecification\",\"valueRequired\":true,\"valueName\":\"search_term_string\"}}],\"inLanguage\":\"es-CO\"},{\"@type\":\"Organization\",\"@id\":\"https:\/\/www.edunexos.edu.co\/maestriaeducacion2028\/#organization\",\"name\":\"MAESTR\u00cdA EN EDUCACI\u00d3N SUE CARIBE\",\"url\":\"https:\/\/www.edunexos.edu.co\/maestriaeducacion2028\/\",\"logo\":{\"@type\":\"ImageObject\",\"inLanguage\":\"es-CO\",\"@id\":\"https:\/\/www.edunexos.edu.co\/maestriaeducacion2028\/#\/schema\/logo\/image\/\",\"url\":\"https:\/\/www.edunexos.edu.co\/maestriaeducacion2028\/wp-content\/uploads\/2019\/05\/logo4.png\",\"contentUrl\":\"https:\/\/www.edunexos.edu.co\/maestriaeducacion2028\/wp-content\/uploads\/2019\/05\/logo4.png\",\"width\":113,\"height\":68,\"caption\":\"MAESTR\u00cdA EN EDUCACI\u00d3N SUE CARIBE\"},\"image\":{\"@id\":\"https:\/\/www.edunexos.edu.co\/maestriaeducacion2028\/#\/schema\/logo\/image\/\"}}]}<\/script>\n<!-- \/ Yoast SEO plugin. -->","yoast_head_json":{"title":"Plan de Estudios - MAESTR\u00cdA EN EDUCACI\u00d3N SUE CARIBE","robots":{"index":"index","follow":"follow","max-snippet":"max-snippet:-1","max-image-preview":"max-image-preview:large","max-video-preview":"max-video-preview:-1"},"canonical":"https:\/\/www.edunexos.edu.co\/maestriaeducacion2028\/plan-de-estudios\/","og_locale":"es_ES","og_type":"article","og_title":"Plan de Estudios - MAESTR\u00cdA EN EDUCACI\u00d3N SUE CARIBE","og_description":"Campos de Saber en la Formaci\u00f3n de Educadores Plan de Estudio y Distribuci\u00f3n de Cr\u00e9ditos por Semestre del Programa de Maestr\u00eda en Educaci\u00f3n SEMESTRE COMPONENTES DE FORMACI&Oacute;N CURRICULO, COGNICION Y APRENDIZAJE (CCA) Cred EDUCACION CONVIVENCIA Y SOCIEDAD (ECS) Cred INVESTIGACION EDUCATIVA Y PEDAGOGICA ( IEP) Cred PROYECTO DE INVESTIGACI&Oacute;N Cred Total Cr&eacute;ditos I Procesos de [&hellip;]","og_url":"https:\/\/www.edunexos.edu.co\/maestriaeducacion2028\/plan-de-estudios\/","og_site_name":"MAESTR\u00cdA EN EDUCACI\u00d3N SUE CARIBE","article_modified_time":"2019-05-03T17:52:48+00:00","og_image":[{"url":"http:\/\/www.edunexos.edu.co\/maestriaeducacion\/wp-content\/uploads\/2019\/04\/image.png","type":"","width":"","height":""}],"twitter_card":"summary_large_image","twitter_misc":{"Tiempo de lectura":"4 minutos"},"schema":{"@context":"https:\/\/schema.org","@graph":[{"@type":"WebPage","@id":"https:\/\/www.edunexos.edu.co\/maestriaeducacion2028\/plan-de-estudios\/","url":"https:\/\/www.edunexos.edu.co\/maestriaeducacion2028\/plan-de-estudios\/","name":"Plan de Estudios - MAESTR\u00cdA EN EDUCACI\u00d3N SUE CARIBE","isPartOf":{"@id":"https:\/\/www.edunexos.edu.co\/maestriaeducacion2028\/#website"},"primaryImageOfPage":{"@id":"https:\/\/www.edunexos.edu.co\/maestriaeducacion2028\/plan-de-estudios\/#primaryimage"},"image":{"@id":"https:\/\/www.edunexos.edu.co\/maestriaeducacion2028\/plan-de-estudios\/#primaryimage"},"thumbnailUrl":"http:\/\/www.edunexos.edu.co\/maestriaeducacion\/wp-content\/uploads\/2019\/04\/image.png","datePublished":"2019-04-23T03:32:34+00:00","dateModified":"2019-05-03T17:52:48+00:00","breadcrumb":{"@id":"https:\/\/www.edunexos.edu.co\/maestriaeducacion2028\/plan-de-estudios\/#breadcrumb"},"inLanguage":"es-CO","potentialAction":[{"@type":"ReadAction","target":["https:\/\/www.edunexos.edu.co\/maestriaeducacion2028\/plan-de-estudios\/"]}]},{"@type":"ImageObject","inLanguage":"es-CO","@id":"https:\/\/www.edunexos.edu.co\/maestriaeducacion2028\/plan-de-estudios\/#primaryimage","url":"http:\/\/www.edunexos.edu.co\/maestriaeducacion\/wp-content\/uploads\/2019\/04\/image.png","contentUrl":"http:\/\/www.edunexos.edu.co\/maestriaeducacion\/wp-content\/uploads\/2019\/04\/image.png"},{"@type":"BreadcrumbList","@id":"https:\/\/www.edunexos.edu.co\/maestriaeducacion2028\/plan-de-estudios\/#breadcrumb","itemListElement":[{"@type":"ListItem","position":1,"name":"Inicio","item":"https:\/\/www.edunexos.edu.co\/maestriaeducacion2028\/"},{"@type":"ListItem","position":2,"name":"Plan de Estudios"}]},{"@type":"WebSite","@id":"https:\/\/www.edunexos.edu.co\/maestriaeducacion2028\/#website","url":"https:\/\/www.edunexos.edu.co\/maestriaeducacion2028\/","name":"MAESTR\u00cdA EN EDUCACI\u00d3N SUE CARIBE","description":"SISTEMA DE UNIVERSIDADES ESTATALES DEL CARIBE COLOMBIANO","publisher":{"@id":"https:\/\/www.edunexos.edu.co\/maestriaeducacion2028\/#organization"},"potentialAction":[{"@type":"SearchAction","target":{"@type":"EntryPoint","urlTemplate":"https:\/\/www.edunexos.edu.co\/maestriaeducacion2028\/?s={search_term_string}"},"query-input":{"@type":"PropertyValueSpecification","valueRequired":true,"valueName":"search_term_string"}}],"inLanguage":"es-CO"},{"@type":"Organization","@id":"https:\/\/www.edunexos.edu.co\/maestriaeducacion2028\/#organization","name":"MAESTR\u00cdA EN EDUCACI\u00d3N SUE CARIBE","url":"https:\/\/www.edunexos.edu.co\/maestriaeducacion2028\/","logo":{"@type":"ImageObject","inLanguage":"es-CO","@id":"https:\/\/www.edunexos.edu.co\/maestriaeducacion2028\/#\/schema\/logo\/image\/","url":"https:\/\/www.edunexos.edu.co\/maestriaeducacion2028\/wp-content\/uploads\/2019\/05\/logo4.png","contentUrl":"https:\/\/www.edunexos.edu.co\/maestriaeducacion2028\/wp-content\/uploads\/2019\/05\/logo4.png","width":113,"height":68,"caption":"MAESTR\u00cdA EN EDUCACI\u00d3N SUE CARIBE"},"image":{"@id":"https:\/\/www.edunexos.edu.co\/maestriaeducacion2028\/#\/schema\/logo\/image\/"}}]}},"_links":{"self":[{"href":"https:\/\/www.edunexos.edu.co\/maestriaeducacion2028\/wp-json\/wp\/v2\/pages\/168","targetHints":{"allow":["GET"]}}],"collection":[{"href":"https:\/\/www.edunexos.edu.co\/maestriaeducacion2028\/wp-json\/wp\/v2\/pages"}],"about":[{"href":"https:\/\/www.edunexos.edu.co\/maestriaeducacion2028\/wp-json\/wp\/v2\/types\/page"}],"author":[{"embeddable":true,"href":"https:\/\/www.edunexos.edu.co\/maestriaeducacion2028\/wp-json\/wp\/v2\/users\/1"}],"replies":[{"embeddable":true,"href":"https:\/\/www.edunexos.edu.co\/maestriaeducacion2028\/wp-json\/wp\/v2\/comments?post=168"}],"version-history":[{"count":20,"href":"https:\/\/www.edunexos.edu.co\/maestriaeducacion2028\/wp-json\/wp\/v2\/pages\/168\/revisions"}],"predecessor-version":[{"id":426,"href":"https:\/\/www.edunexos.edu.co\/maestriaeducacion2028\/wp-json\/wp\/v2\/pages\/168\/revisions\/426"}],"wp:attachment":[{"href":"https:\/\/www.edunexos.edu.co\/maestriaeducacion2028\/wp-json\/wp\/v2\/media?parent=168"}],"curies":[{"name":"wp","href":"https:\/\/api.w.org\/{rel}","templated":true}]}}