{"id":1446,"date":"2022-12-16T08:08:21","date_gmt":"2022-12-16T13:08:21","guid":{"rendered":"https:\/\/www.edunexos.edu.co\/maestriaeducacion\/?page_id=1446"},"modified":"2025-01-19T15:30:52","modified_gmt":"2025-01-19T20:30:52","slug":"investigaciones","status":"publish","type":"page","link":"https:\/\/www.edunexos.edu.co\/maestriaeducacion2028\/investigaciones\/","title":{"rendered":"Investigaciones"},"content":{"rendered":"\t\t<div data-elementor-type=\"wp-page\" data-elementor-id=\"1446\" class=\"elementor elementor-1446\">\n\t\t\t\t\t\t<section class=\"elementor-section elementor-top-section elementor-element elementor-element-da0165d elementor-section-boxed elementor-section-height-default elementor-section-height-default\" data-id=\"da0165d\" data-element_type=\"section\">\n\t\t\t\t\t\t<div class=\"elementor-container elementor-column-gap-default\">\n\t\t\t\t\t<div class=\"elementor-column elementor-col-100 elementor-top-column elementor-element elementor-element-d29cec7\" data-id=\"d29cec7\" data-element_type=\"column\">\n\t\t\t<div class=\"elementor-widget-wrap elementor-element-populated\">\n\t\t\t\t\t\t<div class=\"elementor-element elementor-element-117285f elementor-widget elementor-widget-image\" data-id=\"117285f\" data-element_type=\"widget\" data-widget_type=\"image.default\">\n\t\t\t\t<div class=\"elementor-widget-container\">\n\t\t\t\t\t\t\t\t\t\t\t\t\t\t\t\t<a href=\"https:\/\/www.youtube.com\/@cymted-l\" target=\"_blank\">\n\t\t\t\t\t\t\t<img fetchpriority=\"high\" decoding=\"async\" width=\"771\" height=\"126\" src=\"https:\/\/www.edunexos.edu.co\/maestriaeducacion2028\/wp-content\/uploads\/2023\/03\/Referentes2-1024x167.jpg\" class=\"attachment-large size-large wp-image-1602\" alt=\"\" srcset=\"https:\/\/www.edunexos.edu.co\/maestriaeducacion2028\/wp-content\/uploads\/2023\/03\/Referentes2-1024x167.jpg 1024w, https:\/\/www.edunexos.edu.co\/maestriaeducacion2028\/wp-content\/uploads\/2023\/03\/Referentes2-300x49.jpg 300w, https:\/\/www.edunexos.edu.co\/maestriaeducacion2028\/wp-content\/uploads\/2023\/03\/Referentes2-768x126.jpg 768w, https:\/\/www.edunexos.edu.co\/maestriaeducacion2028\/wp-content\/uploads\/2023\/03\/Referentes2-400x65.jpg 400w, https:\/\/www.edunexos.edu.co\/maestriaeducacion2028\/wp-content\/uploads\/2023\/03\/Referentes2.jpg 1113w\" sizes=\"(max-width: 771px) 100vw, 771px\" \/>\t\t\t\t\t\t\t\t<\/a>\n\t\t\t\t\t\t\t\t\t\t\t\t\t\t\t<\/div>\n\t\t\t\t<\/div>\n\t\t\t\t\t<\/div>\n\t\t<\/div>\n\t\t\t\t\t<\/div>\n\t\t<\/section>\n\t\t\t\t<section class=\"elementor-section elementor-top-section elementor-element elementor-element-5102722 elementor-section-boxed elementor-section-height-default elementor-section-height-default\" data-id=\"5102722\" data-element_type=\"section\">\n\t\t\t\t\t\t<div class=\"elementor-container elementor-column-gap-default\">\n\t\t\t\t\t<div class=\"elementor-column elementor-col-100 elementor-top-column elementor-element elementor-element-281c63b\" data-id=\"281c63b\" data-element_type=\"column\">\n\t\t\t<div class=\"elementor-widget-wrap elementor-element-populated\">\n\t\t\t\t\t\t<div class=\"elementor-element elementor-element-ddd214e elementor-widget elementor-widget-heading\" data-id=\"ddd214e\" data-element_type=\"widget\" data-widget_type=\"heading.default\">\n\t\t\t\t<div class=\"elementor-widget-container\">\n\t\t\t\t\t<h2 class=\"elementor-heading-title elementor-size-default\">Enfoque de ense\u00f1anza, concepciones, representaciones y pr\u00e1cticas del profesorado en relaci\u00f3n con la calidad del aprendizaje en el contexto de las instituciones educativas en el caribe e iberoamericano<\/h2>\t\t\t\t<\/div>\n\t\t\t\t<\/div>\n\t\t\t\t\t<\/div>\n\t\t<\/div>\n\t\t\t\t\t<\/div>\n\t\t<\/section>\n\t\t\t\t<section class=\"elementor-section elementor-top-section elementor-element elementor-element-116f325 elementor-section-boxed elementor-section-height-default elementor-section-height-default\" data-id=\"116f325\" data-element_type=\"section\">\n\t\t\t\t\t\t<div class=\"elementor-container elementor-column-gap-default\">\n\t\t\t\t\t<div class=\"elementor-column elementor-col-100 elementor-top-column elementor-element elementor-element-7f5d715\" data-id=\"7f5d715\" data-element_type=\"column\">\n\t\t\t<div class=\"elementor-widget-wrap elementor-element-populated\">\n\t\t\t\t\t\t<div class=\"elementor-element elementor-element-02f7216 elementor-widget elementor-widget-html\" data-id=\"02f7216\" data-element_type=\"widget\" data-widget_type=\"html.default\">\n\t\t\t\t<div class=\"elementor-widget-container\">\n\t\t\t\t\t<table bordercolor=\"#ffffff\">\n    <tr>\n        <td><img decoding=\"async\" src=\"https:\/\/www.edunexos.edu.co\/maestriaeducacion2028\/wp-content\/uploads\/2023\/03\/Proyecto_page-0001-1.jpg\" width=\"300\"><\/td>\n        <td><img decoding=\"async\" src=\"https:\/\/www.edunexos.edu.co\/maestriaeducacion2028\/wp-content\/uploads\/2022\/10\/armonizacion.jpg\" width=\"230\"><\/td>\n        <td><img decoding=\"async\" src=\"https:\/\/www.edunexos.edu.co\/maestriaeducacion2028\/wp-content\/uploads\/2023\/03\/Congreso_page-0001.jpg\" width=\"300\"><\/td>\n        <td><a href=\"https:\/\/www.edunexos.edu.co\/maestriaeducacion2028\/download\/confianza-etica-y-nueva-pedagogia-2\/\"><img decoding=\"async\" src=\"https:\/\/www.edunexos.edu.co\/maestriaeducacion2028\/wp-content\/uploads\/2023\/03\/Portada.jpeg\" width=\"150\"><\/a><\/td>\n    <\/tr>\n    <tr>\n        <th><a href=\"#\">Enfoques de Ense\u00f1anza y Calidad del Aprendizaje<\/a><\/th>\n        <th><a href=\"https:\/\/www.ielit.org\/publicaciones\/libro-armonizacion-pedagogica\/\">Armonizaci\u00f3n Pedag\u00f3gica<\/a><\/th>\n        <th><a href=\"https:\/\/centrodeinvestigacioneducativauatx.org\/pdf2019\/E239.pdf\">Ponencia Isabel Sierra - Martha Pacheco<\/a><\/th>\n        <th><a href=\"https:\/\/www.edunexos.edu.co\/maestriaeducacion2028\/download\/confianza-etica-y-nueva-pedagogia-2\/\">Libro: Confianza, \u00e9tica y nueva pedagog\u00eda Tr\u00edada en el desaf\u00edo para el cambio en educaci\u00f3n<\/a><\/th>\n    <\/tr>\n<\/table>\t\t\t\t<\/div>\n\t\t\t\t<\/div>\n\t\t\t\t\t<\/div>\n\t\t<\/div>\n\t\t\t\t\t<\/div>\n\t\t<\/section>\n\t\t\t\t<\/div>\n\t\t","protected":false},"excerpt":{"rendered":"<p>Enfoque de ense\u00f1anza, concepciones, representaciones y pr\u00e1cticas del profesorado en relaci\u00f3n con la calidad del aprendizaje en el contexto de las instituciones educativas en el caribe e iberoamericano Enfoques de Ense\u00f1anza y Calidad del Aprendizaje Armonizaci\u00f3n Pedag\u00f3gica Ponencia Isabel Sierra &#8211; Martha Pacheco Libro: Confianza, \u00e9tica y nueva pedagog\u00eda Tr\u00edada en el desaf\u00edo para el [&hellip;]<\/p>\n","protected":false},"author":1,"featured_media":0,"parent":0,"menu_order":0,"comment_status":"closed","ping_status":"closed","template":"","meta":{"footnotes":""},"class_list":["post-1446","page","type-page","status-publish","hentry"],"yoast_head":"<!-- This site is optimized with the Yoast SEO plugin v24.2 - https:\/\/yoast.com\/wordpress\/plugins\/seo\/ -->\n<title>Investigaciones - MAESTR\u00cdA EN EDUCACI\u00d3N SUE CARIBE<\/title>\n<meta name=\"robots\" content=\"index, follow, max-snippet:-1, max-image-preview:large, max-video-preview:-1\" \/>\n<link rel=\"canonical\" href=\"https:\/\/www.edunexos.edu.co\/maestriaeducacion2028\/investigaciones\/\" \/>\n<meta property=\"og:locale\" content=\"es_ES\" \/>\n<meta property=\"og:type\" content=\"article\" \/>\n<meta property=\"og:title\" content=\"Investigaciones - MAESTR\u00cdA EN EDUCACI\u00d3N SUE CARIBE\" \/>\n<meta property=\"og:description\" content=\"Enfoque de ense\u00f1anza, concepciones, representaciones y pr\u00e1cticas del profesorado en relaci\u00f3n con la calidad del aprendizaje en el contexto de las instituciones educativas en el caribe e iberoamericano Enfoques de Ense\u00f1anza y Calidad del Aprendizaje Armonizaci\u00f3n Pedag\u00f3gica Ponencia Isabel Sierra &#8211; Martha Pacheco Libro: Confianza, \u00e9tica y nueva pedagog\u00eda Tr\u00edada en el desaf\u00edo para el [&hellip;]\" \/>\n<meta property=\"og:url\" content=\"https:\/\/www.edunexos.edu.co\/maestriaeducacion2028\/investigaciones\/\" \/>\n<meta property=\"og:site_name\" content=\"MAESTR\u00cdA EN EDUCACI\u00d3N SUE CARIBE\" \/>\n<meta property=\"article:modified_time\" content=\"2025-01-19T20:30:52+00:00\" \/>\n<meta property=\"og:image\" content=\"https:\/\/www.edunexos.edu.co\/maestriaeducacion2028\/wp-content\/uploads\/2023\/03\/Referentes2.jpg\" \/>\n\t<meta property=\"og:image:width\" content=\"1113\" \/>\n\t<meta property=\"og:image:height\" content=\"182\" \/>\n\t<meta property=\"og:image:type\" content=\"image\/jpeg\" \/>\n<meta name=\"twitter:card\" content=\"summary_large_image\" \/>\n<meta name=\"twitter:label1\" content=\"Tiempo de lectura\" \/>\n\t<meta name=\"twitter:data1\" content=\"2 minutos\" \/>\n<script type=\"application\/ld+json\" class=\"yoast-schema-graph\">{\"@context\":\"https:\/\/schema.org\",\"@graph\":[{\"@type\":\"WebPage\",\"@id\":\"https:\/\/www.edunexos.edu.co\/maestriaeducacion2028\/investigaciones\/\",\"url\":\"https:\/\/www.edunexos.edu.co\/maestriaeducacion2028\/investigaciones\/\",\"name\":\"Investigaciones - MAESTR\u00cdA EN EDUCACI\u00d3N SUE CARIBE\",\"isPartOf\":{\"@id\":\"https:\/\/www.edunexos.edu.co\/maestriaeducacion2028\/#website\"},\"primaryImageOfPage\":{\"@id\":\"https:\/\/www.edunexos.edu.co\/maestriaeducacion2028\/investigaciones\/#primaryimage\"},\"image\":{\"@id\":\"https:\/\/www.edunexos.edu.co\/maestriaeducacion2028\/investigaciones\/#primaryimage\"},\"thumbnailUrl\":\"https:\/\/www.edunexos.edu.co\/maestriaeducacion2028\/wp-content\/uploads\/2023\/03\/Referentes2-1024x167.jpg\",\"datePublished\":\"2022-12-16T13:08:21+00:00\",\"dateModified\":\"2025-01-19T20:30:52+00:00\",\"breadcrumb\":{\"@id\":\"https:\/\/www.edunexos.edu.co\/maestriaeducacion2028\/investigaciones\/#breadcrumb\"},\"inLanguage\":\"es-CO\",\"potentialAction\":[{\"@type\":\"ReadAction\",\"target\":[\"https:\/\/www.edunexos.edu.co\/maestriaeducacion2028\/investigaciones\/\"]}]},{\"@type\":\"ImageObject\",\"inLanguage\":\"es-CO\",\"@id\":\"https:\/\/www.edunexos.edu.co\/maestriaeducacion2028\/investigaciones\/#primaryimage\",\"url\":\"https:\/\/www.edunexos.edu.co\/maestriaeducacion2028\/wp-content\/uploads\/2023\/03\/Referentes2.jpg\",\"contentUrl\":\"https:\/\/www.edunexos.edu.co\/maestriaeducacion2028\/wp-content\/uploads\/2023\/03\/Referentes2.jpg\",\"width\":1113,\"height\":182},{\"@type\":\"BreadcrumbList\",\"@id\":\"https:\/\/www.edunexos.edu.co\/maestriaeducacion2028\/investigaciones\/#breadcrumb\",\"itemListElement\":[{\"@type\":\"ListItem\",\"position\":1,\"name\":\"Inicio\",\"item\":\"https:\/\/www.edunexos.edu.co\/maestriaeducacion2028\/\"},{\"@type\":\"ListItem\",\"position\":2,\"name\":\"Investigaciones\"}]},{\"@type\":\"WebSite\",\"@id\":\"https:\/\/www.edunexos.edu.co\/maestriaeducacion2028\/#website\",\"url\":\"https:\/\/www.edunexos.edu.co\/maestriaeducacion2028\/\",\"name\":\"MAESTR\u00cdA EN EDUCACI\u00d3N SUE CARIBE\",\"description\":\"SISTEMA DE UNIVERSIDADES ESTATALES DEL CARIBE COLOMBIANO\",\"publisher\":{\"@id\":\"https:\/\/www.edunexos.edu.co\/maestriaeducacion2028\/#organization\"},\"potentialAction\":[{\"@type\":\"SearchAction\",\"target\":{\"@type\":\"EntryPoint\",\"urlTemplate\":\"https:\/\/www.edunexos.edu.co\/maestriaeducacion2028\/?s={search_term_string}\"},\"query-input\":{\"@type\":\"PropertyValueSpecification\",\"valueRequired\":true,\"valueName\":\"search_term_string\"}}],\"inLanguage\":\"es-CO\"},{\"@type\":\"Organization\",\"@id\":\"https:\/\/www.edunexos.edu.co\/maestriaeducacion2028\/#organization\",\"name\":\"MAESTR\u00cdA EN EDUCACI\u00d3N SUE CARIBE\",\"url\":\"https:\/\/www.edunexos.edu.co\/maestriaeducacion2028\/\",\"logo\":{\"@type\":\"ImageObject\",\"inLanguage\":\"es-CO\",\"@id\":\"https:\/\/www.edunexos.edu.co\/maestriaeducacion2028\/#\/schema\/logo\/image\/\",\"url\":\"https:\/\/www.edunexos.edu.co\/maestriaeducacion2028\/wp-content\/uploads\/2019\/05\/logo4.png\",\"contentUrl\":\"https:\/\/www.edunexos.edu.co\/maestriaeducacion2028\/wp-content\/uploads\/2019\/05\/logo4.png\",\"width\":113,\"height\":68,\"caption\":\"MAESTR\u00cdA EN EDUCACI\u00d3N SUE CARIBE\"},\"image\":{\"@id\":\"https:\/\/www.edunexos.edu.co\/maestriaeducacion2028\/#\/schema\/logo\/image\/\"}}]}<\/script>\n<!-- \/ Yoast SEO plugin. -->","yoast_head_json":{"title":"Investigaciones - MAESTR\u00cdA EN EDUCACI\u00d3N SUE CARIBE","robots":{"index":"index","follow":"follow","max-snippet":"max-snippet:-1","max-image-preview":"max-image-preview:large","max-video-preview":"max-video-preview:-1"},"canonical":"https:\/\/www.edunexos.edu.co\/maestriaeducacion2028\/investigaciones\/","og_locale":"es_ES","og_type":"article","og_title":"Investigaciones - MAESTR\u00cdA EN EDUCACI\u00d3N SUE CARIBE","og_description":"Enfoque de ense\u00f1anza, concepciones, representaciones y pr\u00e1cticas del profesorado en relaci\u00f3n con la calidad del aprendizaje en el contexto de las instituciones educativas en el caribe e iberoamericano Enfoques de Ense\u00f1anza y Calidad del Aprendizaje Armonizaci\u00f3n Pedag\u00f3gica Ponencia Isabel Sierra &#8211; Martha Pacheco Libro: Confianza, \u00e9tica y nueva pedagog\u00eda Tr\u00edada en el desaf\u00edo para el [&hellip;]","og_url":"https:\/\/www.edunexos.edu.co\/maestriaeducacion2028\/investigaciones\/","og_site_name":"MAESTR\u00cdA EN EDUCACI\u00d3N SUE CARIBE","article_modified_time":"2025-01-19T20:30:52+00:00","og_image":[{"width":1113,"height":182,"url":"https:\/\/www.edunexos.edu.co\/maestriaeducacion2028\/wp-content\/uploads\/2023\/03\/Referentes2.jpg","type":"image\/jpeg"}],"twitter_card":"summary_large_image","twitter_misc":{"Tiempo de lectura":"2 minutos"},"schema":{"@context":"https:\/\/schema.org","@graph":[{"@type":"WebPage","@id":"https:\/\/www.edunexos.edu.co\/maestriaeducacion2028\/investigaciones\/","url":"https:\/\/www.edunexos.edu.co\/maestriaeducacion2028\/investigaciones\/","name":"Investigaciones - MAESTR\u00cdA EN EDUCACI\u00d3N SUE CARIBE","isPartOf":{"@id":"https:\/\/www.edunexos.edu.co\/maestriaeducacion2028\/#website"},"primaryImageOfPage":{"@id":"https:\/\/www.edunexos.edu.co\/maestriaeducacion2028\/investigaciones\/#primaryimage"},"image":{"@id":"https:\/\/www.edunexos.edu.co\/maestriaeducacion2028\/investigaciones\/#primaryimage"},"thumbnailUrl":"https:\/\/www.edunexos.edu.co\/maestriaeducacion2028\/wp-content\/uploads\/2023\/03\/Referentes2-1024x167.jpg","datePublished":"2022-12-16T13:08:21+00:00","dateModified":"2025-01-19T20:30:52+00:00","breadcrumb":{"@id":"https:\/\/www.edunexos.edu.co\/maestriaeducacion2028\/investigaciones\/#breadcrumb"},"inLanguage":"es-CO","potentialAction":[{"@type":"ReadAction","target":["https:\/\/www.edunexos.edu.co\/maestriaeducacion2028\/investigaciones\/"]}]},{"@type":"ImageObject","inLanguage":"es-CO","@id":"https:\/\/www.edunexos.edu.co\/maestriaeducacion2028\/investigaciones\/#primaryimage","url":"https:\/\/www.edunexos.edu.co\/maestriaeducacion2028\/wp-content\/uploads\/2023\/03\/Referentes2.jpg","contentUrl":"https:\/\/www.edunexos.edu.co\/maestriaeducacion2028\/wp-content\/uploads\/2023\/03\/Referentes2.jpg","width":1113,"height":182},{"@type":"BreadcrumbList","@id":"https:\/\/www.edunexos.edu.co\/maestriaeducacion2028\/investigaciones\/#breadcrumb","itemListElement":[{"@type":"ListItem","position":1,"name":"Inicio","item":"https:\/\/www.edunexos.edu.co\/maestriaeducacion2028\/"},{"@type":"ListItem","position":2,"name":"Investigaciones"}]},{"@type":"WebSite","@id":"https:\/\/www.edunexos.edu.co\/maestriaeducacion2028\/#website","url":"https:\/\/www.edunexos.edu.co\/maestriaeducacion2028\/","name":"MAESTR\u00cdA EN EDUCACI\u00d3N SUE CARIBE","description":"SISTEMA DE UNIVERSIDADES ESTATALES DEL CARIBE COLOMBIANO","publisher":{"@id":"https:\/\/www.edunexos.edu.co\/maestriaeducacion2028\/#organization"},"potentialAction":[{"@type":"SearchAction","target":{"@type":"EntryPoint","urlTemplate":"https:\/\/www.edunexos.edu.co\/maestriaeducacion2028\/?s={search_term_string}"},"query-input":{"@type":"PropertyValueSpecification","valueRequired":true,"valueName":"search_term_string"}}],"inLanguage":"es-CO"},{"@type":"Organization","@id":"https:\/\/www.edunexos.edu.co\/maestriaeducacion2028\/#organization","name":"MAESTR\u00cdA EN EDUCACI\u00d3N SUE CARIBE","url":"https:\/\/www.edunexos.edu.co\/maestriaeducacion2028\/","logo":{"@type":"ImageObject","inLanguage":"es-CO","@id":"https:\/\/www.edunexos.edu.co\/maestriaeducacion2028\/#\/schema\/logo\/image\/","url":"https:\/\/www.edunexos.edu.co\/maestriaeducacion2028\/wp-content\/uploads\/2019\/05\/logo4.png","contentUrl":"https:\/\/www.edunexos.edu.co\/maestriaeducacion2028\/wp-content\/uploads\/2019\/05\/logo4.png","width":113,"height":68,"caption":"MAESTR\u00cdA EN EDUCACI\u00d3N SUE CARIBE"},"image":{"@id":"https:\/\/www.edunexos.edu.co\/maestriaeducacion2028\/#\/schema\/logo\/image\/"}}]}},"_links":{"self":[{"href":"https:\/\/www.edunexos.edu.co\/maestriaeducacion2028\/wp-json\/wp\/v2\/pages\/1446","targetHints":{"allow":["GET"]}}],"collection":[{"href":"https:\/\/www.edunexos.edu.co\/maestriaeducacion2028\/wp-json\/wp\/v2\/pages"}],"about":[{"href":"https:\/\/www.edunexos.edu.co\/maestriaeducacion2028\/wp-json\/wp\/v2\/types\/page"}],"author":[{"embeddable":true,"href":"https:\/\/www.edunexos.edu.co\/maestriaeducacion2028\/wp-json\/wp\/v2\/users\/1"}],"replies":[{"embeddable":true,"href":"https:\/\/www.edunexos.edu.co\/maestriaeducacion2028\/wp-json\/wp\/v2\/comments?post=1446"}],"version-history":[{"count":198,"href":"https:\/\/www.edunexos.edu.co\/maestriaeducacion2028\/wp-json\/wp\/v2\/pages\/1446\/revisions"}],"predecessor-version":[{"id":2441,"href":"https:\/\/www.edunexos.edu.co\/maestriaeducacion2028\/wp-json\/wp\/v2\/pages\/1446\/revisions\/2441"}],"wp:attachment":[{"href":"https:\/\/www.edunexos.edu.co\/maestriaeducacion2028\/wp-json\/wp\/v2\/media?parent=1446"}],"curies":[{"name":"wp","href":"https:\/\/api.w.org\/{rel}","templated":true}]}}